{"id":4850,"date":"2025-06-28T16:55:18","date_gmt":"2025-06-28T14:55:18","guid":{"rendered":"https:\/\/uj.adatbank.ro\/lexikon\/termek\/bitay-karolyne-%c2%a7-barlabas-piroska\/"},"modified":"2025-06-28T16:55:18","modified_gmt":"2025-06-28T14:55:18","slug":"bitay-karolyne-%c2%a7-barlabas-piroska","status":"publish","type":"product","link":"https:\/\/uj.adatbank.ro\/lexikon\/termek\/bitay-karolyne-%c2%a7-barlabas-piroska\/","title":{"rendered":"BITAY K\u00e1rolyn\u00e9 \u00a7 , Barlab\u00e1s Piroska"},"content":{"rendered":"<p>Nagyenyed, 1898., \u2020 Kib\u00e9d, 1983.: tan\u00edt\u00f3n\u0151. \u2013 Nagyv\u00e1radon szerzett tan\u00edt\u00f3i okl.-t. L\u0151rincr\u00e9ven kezdett tan\u00edtani, majd Kib\u00e9dre ker\u00fclt, ahol hal\u00e1l\u00e1ig \u00e9lt \u00e9s dolgozott (1920\u201383). F\u00e9rj\u00e9vel egy\u00fctt r\u00e9szt v\u00e1llaltak a falu sokr\u00e9t\u0171 t\u00e1rsadalmi \u00e9s m\u0171vel\u0151d\u00e9si \u00e9let\u00e9b\u0151l, m\u00e9g nyugd\u00edjas korukban is. Tank\u00f6nyv\u00edr\u00f3k\u00e9nt is sz\u00e1montartj\u00e1k. Munkat\u00e1rsa volt a Sz\u00f6vetkez\u00e9s, Keleti \u00dajs\u00e1g, Brass\u00f3i Lapok, M\u0171vel\u0151d\u00e9s \u00e9s Dolgoz\u00f3 N\u0151 c. lapoknak. \u2013 <strong>F. m.:<\/strong> H\u00e1ztart\u00e1stan (B\u00e1cs\u00ed Tiborral, tank\u00f6nyv; 1928). <br \/><strong>Irod.:<\/strong> Kib\u00e9d \u00e9s egyh\u00e1za<\/br><\/p>\n","protected":false},"excerpt":{"rendered":"<p>Nagyenyed, 1898., \u2020 Kib\u00e9d, 1983.: tan\u00edt\u00f3n\u0151. \u2013 Nagyv\u00e1radon szerzett tan\u00edt\u00f3i okl.-t. L\u0151rincr\u00e9ven kezdett tan\u00edtani, majd Kib\u00e9dre ker\u00fclt, ahol hal\u00e1l\u00e1ig \u00e9lt \u00e9s dolgozott (1920\u201383). F\u00e9rj\u00e9vel egy\u00fctt r\u00e9szt v\u00e1llaltak a falu sokr\u00e9t\u0171 t\u00e1rsadalmi \u00e9s m\u0171vel\u0151d\u00e9si \u00e9let\u00e9b\u0151l, m\u00e9g nyugd\u00edjas korukban is. Tank\u00f6nyv\u00edr\u00f3k\u00e9nt is sz\u00e1montartj\u00e1k. Munkat\u00e1rsa volt a Sz\u00f6vetkez\u00e9s, Keleti \u00dajs\u00e1g, Brass\u00f3i Lapok, M\u0171vel\u0151d\u00e9s \u00e9s Dolgoz\u00f3 N\u0151 c. lapoknak. [&hellip;]<\/p>\n","protected":false},"featured_media":0,"comment_status":"open","ping_status":"closed","template":"","meta":[],"product_brand":[],"product_cat":[137],"product_tag":[],"class_list":{"0":"post-4850","1":"product","2":"type-product","3":"status-publish","5":"product_cat-maros-megyei-eletrajzi-lexikon","7":"first","8":"instock","9":"shipping-taxable","10":"product-type-simple"},"_links":{"self":[{"href":"https:\/\/uj.adatbank.ro\/lexikon\/wp-json\/wp\/v2\/product\/4850","targetHints":{"allow":["GET"]}}],"collection":[{"href":"https:\/\/uj.adatbank.ro\/lexikon\/wp-json\/wp\/v2\/product"}],"about":[{"href":"https:\/\/uj.adatbank.ro\/lexikon\/wp-json\/wp\/v2\/types\/product"}],"replies":[{"embeddable":true,"href":"https:\/\/uj.adatbank.ro\/lexikon\/wp-json\/wp\/v2\/comments?post=4850"}],"wp:attachment":[{"href":"https:\/\/uj.adatbank.ro\/lexikon\/wp-json\/wp\/v2\/media?parent=4850"}],"wp:term":[{"taxonomy":"product_brand","embeddable":true,"href":"https:\/\/uj.adatbank.ro\/lexikon\/wp-json\/wp\/v2\/product_brand?post=4850"},{"taxonomy":"product_cat","embeddable":true,"href":"https:\/\/uj.adatbank.ro\/lexikon\/wp-json\/wp\/v2\/product_cat?post=4850"},{"taxonomy":"product_tag","embeddable":true,"href":"https:\/\/uj.adatbank.ro\/lexikon\/wp-json\/wp\/v2\/product_tag?post=4850"}],"curies":[{"name":"wp","href":"https:\/\/api.w.org\/{rel}","templated":true}]}}