{"id":4851,"date":"2025-06-28T16:55:20","date_gmt":"2025-06-28T14:55:20","guid":{"rendered":"https:\/\/uj.adatbank.ro\/lexikon\/termek\/bitay-leczfalvi-arpad\/"},"modified":"2025-06-28T16:55:20","modified_gmt":"2025-06-28T14:55:20","slug":"bitay-leczfalvi-arpad","status":"publish","type":"product","link":"https:\/\/uj.adatbank.ro\/lexikon\/termek\/bitay-leczfalvi-arpad\/","title":{"rendered":"BITAY L\u00c9CZFALVI \u00c1rp\u00e1d"},"content":{"rendered":"<p>Uzdiszentp\u00e9ter, 1900., \u2020\u00a01935.: fest\u0151m\u0171v\u00e9sz. \u2013 A nagyb\u00e1nyai fest\u0151iskola tagja. <br \/><strong>Irod.:<\/strong> Maros megye<\/br><\/p>\n","protected":false},"excerpt":{"rendered":"<p>Uzdiszentp\u00e9ter, 1900., \u2020\u00a01935.: fest\u0151m\u0171v\u00e9sz. \u2013 A nagyb\u00e1nyai fest\u0151iskola tagja. Irod.: Maros megye<\/p>\n","protected":false},"featured_media":0,"comment_status":"open","ping_status":"closed","template":"","meta":[],"product_brand":[],"product_cat":[137],"product_tag":[],"class_list":{"0":"post-4851","1":"product","2":"type-product","3":"status-publish","5":"product_cat-maros-megyei-eletrajzi-lexikon","7":"first","8":"instock","9":"shipping-taxable","10":"product-type-simple"},"_links":{"self":[{"href":"https:\/\/uj.adatbank.ro\/lexikon\/wp-json\/wp\/v2\/product\/4851","targetHints":{"allow":["GET"]}}],"collection":[{"href":"https:\/\/uj.adatbank.ro\/lexikon\/wp-json\/wp\/v2\/product"}],"about":[{"href":"https:\/\/uj.adatbank.ro\/lexikon\/wp-json\/wp\/v2\/types\/product"}],"replies":[{"embeddable":true,"href":"https:\/\/uj.adatbank.ro\/lexikon\/wp-json\/wp\/v2\/comments?post=4851"}],"wp:attachment":[{"href":"https:\/\/uj.adatbank.ro\/lexikon\/wp-json\/wp\/v2\/media?parent=4851"}],"wp:term":[{"taxonomy":"product_brand","embeddable":true,"href":"https:\/\/uj.adatbank.ro\/lexikon\/wp-json\/wp\/v2\/product_brand?post=4851"},{"taxonomy":"product_cat","embeddable":true,"href":"https:\/\/uj.adatbank.ro\/lexikon\/wp-json\/wp\/v2\/product_cat?post=4851"},{"taxonomy":"product_tag","embeddable":true,"href":"https:\/\/uj.adatbank.ro\/lexikon\/wp-json\/wp\/v2\/product_tag?post=4851"}],"curies":[{"name":"wp","href":"https:\/\/api.w.org\/{rel}","templated":true}]}}