{"id":4852,"date":"2025-06-28T16:55:22","date_gmt":"2025-06-28T14:55:22","guid":{"rendered":"https:\/\/uj.adatbank.ro\/lexikon\/termek\/bitay-pal\/"},"modified":"2025-06-28T16:55:22","modified_gmt":"2025-06-28T14:55:22","slug":"bitay-pal","status":"publish","type":"product","link":"https:\/\/uj.adatbank.ro\/lexikon\/termek\/bitay-pal\/","title":{"rendered":"BITAY P\u00e1l"},"content":{"rendered":"<p>Radn\u00f3t, 1906. m\u00e1rc. 1., \u2020 ? : ref. lelk\u00e9sz. \u2013 K\u00f6z\u00e9piskol\u00e1it Debrecenben, a teol\u00f3gi\u00e1t Kv.-on v\u00e9gezte. Lelk\u00e9sz volt Galacon, \u00c1d\u00e1moson, majd V\u00e1mosg\u00e1lfalv\u00e1n (1833\u2013). \u2013 <strong>F. m.:<\/strong> A reform\u00e1tus lelkip\u00e1sztor \u00e9s a m. falu (Kv., 1937.). <br \/><strong>Irod.:<\/strong> Guly\u00e1s<\/br><\/p>\n","protected":false},"excerpt":{"rendered":"<p>Radn\u00f3t, 1906. m\u00e1rc. 1., \u2020 ? : ref. lelk\u00e9sz. \u2013 K\u00f6z\u00e9piskol\u00e1it Debrecenben, a teol\u00f3gi\u00e1t Kv.-on v\u00e9gezte. Lelk\u00e9sz volt Galacon, \u00c1d\u00e1moson, majd V\u00e1mosg\u00e1lfalv\u00e1n (1833\u2013). \u2013 F. m.: A reform\u00e1tus lelkip\u00e1sztor \u00e9s a m. falu (Kv., 1937.). Irod.: Guly\u00e1s<\/p>\n","protected":false},"featured_media":0,"comment_status":"open","ping_status":"closed","template":"","meta":[],"product_brand":[],"product_cat":[137],"product_tag":[],"class_list":{"0":"post-4852","1":"product","2":"type-product","3":"status-publish","5":"product_cat-maros-megyei-eletrajzi-lexikon","7":"first","8":"instock","9":"shipping-taxable","10":"product-type-simple"},"_links":{"self":[{"href":"https:\/\/uj.adatbank.ro\/lexikon\/wp-json\/wp\/v2\/product\/4852","targetHints":{"allow":["GET"]}}],"collection":[{"href":"https:\/\/uj.adatbank.ro\/lexikon\/wp-json\/wp\/v2\/product"}],"about":[{"href":"https:\/\/uj.adatbank.ro\/lexikon\/wp-json\/wp\/v2\/types\/product"}],"replies":[{"embeddable":true,"href":"https:\/\/uj.adatbank.ro\/lexikon\/wp-json\/wp\/v2\/comments?post=4852"}],"wp:attachment":[{"href":"https:\/\/uj.adatbank.ro\/lexikon\/wp-json\/wp\/v2\/media?parent=4852"}],"wp:term":[{"taxonomy":"product_brand","embeddable":true,"href":"https:\/\/uj.adatbank.ro\/lexikon\/wp-json\/wp\/v2\/product_brand?post=4852"},{"taxonomy":"product_cat","embeddable":true,"href":"https:\/\/uj.adatbank.ro\/lexikon\/wp-json\/wp\/v2\/product_cat?post=4852"},{"taxonomy":"product_tag","embeddable":true,"href":"https:\/\/uj.adatbank.ro\/lexikon\/wp-json\/wp\/v2\/product_tag?post=4852"}],"curies":[{"name":"wp","href":"https:\/\/api.w.org\/{rel}","templated":true}]}}