{"id":4856,"date":"2025-06-28T16:55:29","date_gmt":"2025-06-28T14:55:29","guid":{"rendered":"https:\/\/uj.adatbank.ro\/lexikon\/termek\/blaga-iacob\/"},"modified":"2025-06-28T16:55:29","modified_gmt":"2025-06-28T14:55:29","slug":"blaga-iacob","status":"publish","type":"product","link":"https:\/\/uj.adatbank.ro\/lexikon\/termek\/blaga-iacob\/","title":{"rendered":"BLAGA Iacob"},"content":{"rendered":"<p>? \u2020 ? : k\u00fcld\u00f6tt. \u2013 Ludas \u00e9s k\u00f6rny\u00e9k\u00e9nek hivatalos k\u00fcld\u00f6tte a gyulafeh\u00e9rv\u00e1ri egyes\u00fcl\u00e9si gy\u0171l\u00e9sen (m\u00e9g h\u00e1rom v\u00e1lasztott k\u00fcld\u00f6ttel egy\u00fctt: Sofron Procopie, Oltean Olivia, Modrigan Ioan g. kat. pap; 1918. dec. 1.). <br \/><strong>Irod.:<\/strong> A\u0163inti\u015f<\/br><\/p>\n","protected":false},"excerpt":{"rendered":"<p>? \u2020 ? : k\u00fcld\u00f6tt. \u2013 Ludas \u00e9s k\u00f6rny\u00e9k\u00e9nek hivatalos k\u00fcld\u00f6tte a gyulafeh\u00e9rv\u00e1ri egyes\u00fcl\u00e9si gy\u0171l\u00e9sen (m\u00e9g h\u00e1rom v\u00e1lasztott k\u00fcld\u00f6ttel egy\u00fctt: Sofron Procopie, Oltean Olivia, Modrigan Ioan g. kat. pap; 1918. dec. 1.). Irod.: A\u0163inti\u015f<\/p>\n","protected":false},"featured_media":0,"comment_status":"open","ping_status":"closed","template":"","meta":[],"product_brand":[],"product_cat":[137],"product_tag":[],"class_list":{"0":"post-4856","1":"product","2":"type-product","3":"status-publish","5":"product_cat-maros-megyei-eletrajzi-lexikon","7":"first","8":"instock","9":"shipping-taxable","10":"product-type-simple"},"_links":{"self":[{"href":"https:\/\/uj.adatbank.ro\/lexikon\/wp-json\/wp\/v2\/product\/4856","targetHints":{"allow":["GET"]}}],"collection":[{"href":"https:\/\/uj.adatbank.ro\/lexikon\/wp-json\/wp\/v2\/product"}],"about":[{"href":"https:\/\/uj.adatbank.ro\/lexikon\/wp-json\/wp\/v2\/types\/product"}],"replies":[{"embeddable":true,"href":"https:\/\/uj.adatbank.ro\/lexikon\/wp-json\/wp\/v2\/comments?post=4856"}],"wp:attachment":[{"href":"https:\/\/uj.adatbank.ro\/lexikon\/wp-json\/wp\/v2\/media?parent=4856"}],"wp:term":[{"taxonomy":"product_brand","embeddable":true,"href":"https:\/\/uj.adatbank.ro\/lexikon\/wp-json\/wp\/v2\/product_brand?post=4856"},{"taxonomy":"product_cat","embeddable":true,"href":"https:\/\/uj.adatbank.ro\/lexikon\/wp-json\/wp\/v2\/product_cat?post=4856"},{"taxonomy":"product_tag","embeddable":true,"href":"https:\/\/uj.adatbank.ro\/lexikon\/wp-json\/wp\/v2\/product_tag?post=4856"}],"curies":[{"name":"wp","href":"https:\/\/api.w.org\/{rel}","templated":true}]}}