{"id":4858,"date":"2025-06-28T16:55:33","date_gmt":"2025-06-28T14:55:33","guid":{"rendered":"https:\/\/uj.adatbank.ro\/lexikon\/termek\/blaga-mihail\/"},"modified":"2025-06-28T16:55:33","modified_gmt":"2025-06-28T14:55:33","slug":"blaga-mihail","status":"publish","type":"product","link":"https:\/\/uj.adatbank.ro\/lexikon\/termek\/blaga-mihail\/","title":{"rendered":"BLAGA Mihail"},"content":{"rendered":"<p>Vasl\u00e1b, 1917. szept. 9., \u2020 Marosorb\u00f3, 1944. szept. 27.: agr\u00e1rm\u00e9rn\u00f6k, hadnagy, h\u00e1bor\u00fas h\u0151s. \u2013 Tanult sz\u00fcl\u0151fal\u00faj\u00e1ban, Gyergy\u00f3szentmikl\u00f3son, az egyetemet Temesv\u00e1ron v\u00e9gezte. Post mortem a Steaua Rom\u00e2niei \u00e9rdemrend III. oszt.-nak a kit\u00fcntetettje. <br \/><strong>Irod.:<\/strong> Info S\u0103rma\u015f (nr. 6., 1995.)<\/br><\/p>\n","protected":false},"excerpt":{"rendered":"<p>Vasl\u00e1b, 1917. szept. 9., \u2020 Marosorb\u00f3, 1944. szept. 27.: agr\u00e1rm\u00e9rn\u00f6k, hadnagy, h\u00e1bor\u00fas h\u0151s. \u2013 Tanult sz\u00fcl\u0151fal\u00faj\u00e1ban, Gyergy\u00f3szentmikl\u00f3son, az egyetemet Temesv\u00e1ron v\u00e9gezte. Post mortem a Steaua Rom\u00e2niei \u00e9rdemrend III. oszt.-nak a kit\u00fcntetettje. Irod.: Info S\u0103rma\u015f (nr. 6., 1995.)<\/p>\n","protected":false},"featured_media":0,"comment_status":"open","ping_status":"closed","template":"","meta":[],"product_brand":[],"product_cat":[137],"product_tag":[],"class_list":{"0":"post-4858","1":"product","2":"type-product","3":"status-publish","5":"product_cat-maros-megyei-eletrajzi-lexikon","7":"first","8":"instock","9":"shipping-taxable","10":"product-type-simple"},"_links":{"self":[{"href":"https:\/\/uj.adatbank.ro\/lexikon\/wp-json\/wp\/v2\/product\/4858","targetHints":{"allow":["GET"]}}],"collection":[{"href":"https:\/\/uj.adatbank.ro\/lexikon\/wp-json\/wp\/v2\/product"}],"about":[{"href":"https:\/\/uj.adatbank.ro\/lexikon\/wp-json\/wp\/v2\/types\/product"}],"replies":[{"embeddable":true,"href":"https:\/\/uj.adatbank.ro\/lexikon\/wp-json\/wp\/v2\/comments?post=4858"}],"wp:attachment":[{"href":"https:\/\/uj.adatbank.ro\/lexikon\/wp-json\/wp\/v2\/media?parent=4858"}],"wp:term":[{"taxonomy":"product_brand","embeddable":true,"href":"https:\/\/uj.adatbank.ro\/lexikon\/wp-json\/wp\/v2\/product_brand?post=4858"},{"taxonomy":"product_cat","embeddable":true,"href":"https:\/\/uj.adatbank.ro\/lexikon\/wp-json\/wp\/v2\/product_cat?post=4858"},{"taxonomy":"product_tag","embeddable":true,"href":"https:\/\/uj.adatbank.ro\/lexikon\/wp-json\/wp\/v2\/product_tag?post=4858"}],"curies":[{"name":"wp","href":"https:\/\/api.w.org\/{rel}","templated":true}]}}