{"id":4859,"date":"2025-06-28T16:55:35","date_gmt":"2025-06-28T14:55:35","guid":{"rendered":"https:\/\/uj.adatbank.ro\/lexikon\/termek\/blaga-petru\/"},"modified":"2025-06-28T16:55:35","modified_gmt":"2025-06-28T14:55:35","slug":"blaga-petru","status":"publish","type":"product","link":"https:\/\/uj.adatbank.ro\/lexikon\/termek\/blaga-petru\/","title":{"rendered":"BLAGA Petru"},"content":{"rendered":"<p>? \u2020 ? : k\u00e9pvisel\u0151. \u2013 A MAT k\u00e9pvisel\u0151je (1961. m\u00e1rc. 5.), g\u00e1tmunk\u00e1s volt Sz\u00e9kelyh\u00f3doson. <br \/><strong>Irod.:<\/strong> Cri\u015fan<\/br><\/p>\n","protected":false},"excerpt":{"rendered":"<p>? \u2020 ? : k\u00e9pvisel\u0151. \u2013 A MAT k\u00e9pvisel\u0151je (1961. m\u00e1rc. 5.), g\u00e1tmunk\u00e1s volt Sz\u00e9kelyh\u00f3doson. Irod.: Cri\u015fan<\/p>\n","protected":false},"featured_media":0,"comment_status":"open","ping_status":"closed","template":"","meta":[],"product_brand":[],"product_cat":[137],"product_tag":[],"class_list":{"0":"post-4859","1":"product","2":"type-product","3":"status-publish","5":"product_cat-maros-megyei-eletrajzi-lexikon","7":"first","8":"instock","9":"shipping-taxable","10":"product-type-simple"},"_links":{"self":[{"href":"https:\/\/uj.adatbank.ro\/lexikon\/wp-json\/wp\/v2\/product\/4859","targetHints":{"allow":["GET"]}}],"collection":[{"href":"https:\/\/uj.adatbank.ro\/lexikon\/wp-json\/wp\/v2\/product"}],"about":[{"href":"https:\/\/uj.adatbank.ro\/lexikon\/wp-json\/wp\/v2\/types\/product"}],"replies":[{"embeddable":true,"href":"https:\/\/uj.adatbank.ro\/lexikon\/wp-json\/wp\/v2\/comments?post=4859"}],"wp:attachment":[{"href":"https:\/\/uj.adatbank.ro\/lexikon\/wp-json\/wp\/v2\/media?parent=4859"}],"wp:term":[{"taxonomy":"product_brand","embeddable":true,"href":"https:\/\/uj.adatbank.ro\/lexikon\/wp-json\/wp\/v2\/product_brand?post=4859"},{"taxonomy":"product_cat","embeddable":true,"href":"https:\/\/uj.adatbank.ro\/lexikon\/wp-json\/wp\/v2\/product_cat?post=4859"},{"taxonomy":"product_tag","embeddable":true,"href":"https:\/\/uj.adatbank.ro\/lexikon\/wp-json\/wp\/v2\/product_tag?post=4859"}],"curies":[{"name":"wp","href":"https:\/\/api.w.org\/{rel}","templated":true}]}}