{"id":4860,"date":"2025-06-28T16:55:37","date_gmt":"2025-06-28T14:55:37","guid":{"rendered":"https:\/\/uj.adatbank.ro\/lexikon\/termek\/blaga-teodor-toderica-blaga\/"},"modified":"2025-06-28T16:55:37","modified_gmt":"2025-06-28T14:55:37","slug":"blaga-teodor-toderica-blaga","status":"publish","type":"product","link":"https:\/\/uj.adatbank.ro\/lexikon\/termek\/blaga-teodor-toderica-blaga\/","title":{"rendered":"BLAGA Teodor, Toderic\u0103 Blaga"},"content":{"rendered":"<p>Farag\u00f3, 1893., \u2020 Majsz\u00edn, 1944. okt. 14.: k\u00e9nyszermunk\u00e1s. \u2013 Egyik \u00e1ldozata a majsz\u00edni v\u00e9rengz\u00e9snek, ahol a horthyst\u00e1k 35 \u00e1rtatlan rom\u00e1nt \u00e9s h\u00e1rom zsid\u00f3t v\u00e9geztek ki, akiket azel\u0151tt (1944. m\u00e1j.) k\u00e9nyszermunk\u00e1ra hurcoltak el Fels\u0151vis\u00f3ba. 10 gyermeke maradt \u00e1rv\u00e1n (1944. okt. 14.). <br \/><strong>Irod.:<\/strong> F\u0103r\u0103g\u0103u<\/br><\/p>\n","protected":false},"excerpt":{"rendered":"<p>Farag\u00f3, 1893., \u2020 Majsz\u00edn, 1944. okt. 14.: k\u00e9nyszermunk\u00e1s. \u2013 Egyik \u00e1ldozata a majsz\u00edni v\u00e9rengz\u00e9snek, ahol a horthyst\u00e1k 35 \u00e1rtatlan rom\u00e1nt \u00e9s h\u00e1rom zsid\u00f3t v\u00e9geztek ki, akiket azel\u0151tt (1944. m\u00e1j.) k\u00e9nyszermunk\u00e1ra hurcoltak el Fels\u0151vis\u00f3ba. 10 gyermeke maradt \u00e1rv\u00e1n (1944. okt. 14.). Irod.: F\u0103r\u0103g\u0103u<\/p>\n","protected":false},"featured_media":0,"comment_status":"open","ping_status":"closed","template":"","meta":[],"product_brand":[],"product_cat":[137],"product_tag":[],"class_list":{"0":"post-4860","1":"product","2":"type-product","3":"status-publish","5":"product_cat-maros-megyei-eletrajzi-lexikon","7":"first","8":"instock","9":"shipping-taxable","10":"product-type-simple"},"_links":{"self":[{"href":"https:\/\/uj.adatbank.ro\/lexikon\/wp-json\/wp\/v2\/product\/4860","targetHints":{"allow":["GET"]}}],"collection":[{"href":"https:\/\/uj.adatbank.ro\/lexikon\/wp-json\/wp\/v2\/product"}],"about":[{"href":"https:\/\/uj.adatbank.ro\/lexikon\/wp-json\/wp\/v2\/types\/product"}],"replies":[{"embeddable":true,"href":"https:\/\/uj.adatbank.ro\/lexikon\/wp-json\/wp\/v2\/comments?post=4860"}],"wp:attachment":[{"href":"https:\/\/uj.adatbank.ro\/lexikon\/wp-json\/wp\/v2\/media?parent=4860"}],"wp:term":[{"taxonomy":"product_brand","embeddable":true,"href":"https:\/\/uj.adatbank.ro\/lexikon\/wp-json\/wp\/v2\/product_brand?post=4860"},{"taxonomy":"product_cat","embeddable":true,"href":"https:\/\/uj.adatbank.ro\/lexikon\/wp-json\/wp\/v2\/product_cat?post=4860"},{"taxonomy":"product_tag","embeddable":true,"href":"https:\/\/uj.adatbank.ro\/lexikon\/wp-json\/wp\/v2\/product_tag?post=4860"}],"curies":[{"name":"wp","href":"https:\/\/api.w.org\/{rel}","templated":true}]}}