{"id":4861,"date":"2025-06-28T16:55:38","date_gmt":"2025-06-28T14:55:38","guid":{"rendered":"https:\/\/uj.adatbank.ro\/lexikon\/termek\/blaha-lujza\/"},"modified":"2025-06-28T16:55:38","modified_gmt":"2025-06-28T14:55:38","slug":"blaha-lujza","status":"publish","type":"product","link":"https:\/\/uj.adatbank.ro\/lexikon\/termek\/blaha-lujza\/","title":{"rendered":"BLAHA Lujza"},"content":{"rendered":"<p>1850 \u2020 1926 : sz\u00edn\u00e9szn\u0151. \u2013 A \u201enemzet csalog\u00e1nya\u201d Mv.-en vend\u00e9gszerepelt (1863. j\u00fal. 14). <br \/><strong>Irod.:<\/strong> Id\u0151t\u00e1r 2<\/br><\/p>\n","protected":false},"excerpt":{"rendered":"<p>1850 \u2020 1926 : sz\u00edn\u00e9szn\u0151. \u2013 A \u201enemzet csalog\u00e1nya\u201d Mv.-en vend\u00e9gszerepelt (1863. j\u00fal. 14). Irod.: Id\u0151t\u00e1r 2<\/p>\n","protected":false},"featured_media":0,"comment_status":"open","ping_status":"closed","template":"","meta":[],"product_brand":[],"product_cat":[137],"product_tag":[],"class_list":{"0":"post-4861","1":"product","2":"type-product","3":"status-publish","5":"product_cat-maros-megyei-eletrajzi-lexikon","7":"first","8":"instock","9":"shipping-taxable","10":"product-type-simple"},"_links":{"self":[{"href":"https:\/\/uj.adatbank.ro\/lexikon\/wp-json\/wp\/v2\/product\/4861","targetHints":{"allow":["GET"]}}],"collection":[{"href":"https:\/\/uj.adatbank.ro\/lexikon\/wp-json\/wp\/v2\/product"}],"about":[{"href":"https:\/\/uj.adatbank.ro\/lexikon\/wp-json\/wp\/v2\/types\/product"}],"replies":[{"embeddable":true,"href":"https:\/\/uj.adatbank.ro\/lexikon\/wp-json\/wp\/v2\/comments?post=4861"}],"wp:attachment":[{"href":"https:\/\/uj.adatbank.ro\/lexikon\/wp-json\/wp\/v2\/media?parent=4861"}],"wp:term":[{"taxonomy":"product_brand","embeddable":true,"href":"https:\/\/uj.adatbank.ro\/lexikon\/wp-json\/wp\/v2\/product_brand?post=4861"},{"taxonomy":"product_cat","embeddable":true,"href":"https:\/\/uj.adatbank.ro\/lexikon\/wp-json\/wp\/v2\/product_cat?post=4861"},{"taxonomy":"product_tag","embeddable":true,"href":"https:\/\/uj.adatbank.ro\/lexikon\/wp-json\/wp\/v2\/product_tag?post=4861"}],"curies":[{"name":"wp","href":"https:\/\/api.w.org\/{rel}","templated":true}]}}