{"id":4862,"date":"2025-06-28T16:55:40","date_gmt":"2025-06-28T14:55:40","guid":{"rendered":"https:\/\/uj.adatbank.ro\/lexikon\/termek\/blahunka-lajos\/"},"modified":"2025-06-28T16:55:40","modified_gmt":"2025-06-28T14:55:40","slug":"blahunka-lajos","status":"publish","type":"product","link":"https:\/\/uj.adatbank.ro\/lexikon\/termek\/blahunka-lajos\/","title":{"rendered":"BLAHUNKA Lajos"},"content":{"rendered":"<p>? \u2020 ? : orgona\u00e9p\u00edt\u0151. \u2013 Val\u00f3sz\u00edn\u0171, hogy Szatm\u00e1rr\u00f3l \u00e9rkezett Mv.-re. Orgona- \u00e9s zongorak\u00e9sz\u00edt\u0151 valamint jav\u00edt\u00f3 volt. Els\u0151 orgon\u00e1j\u00e1t 1848 ban az utols\u00f3t 1875 \u2013ben \u00e9p\u00edtette. Maros megy\u00e9ben 2 orgon\u00e1ja ismert: Csejd m\u0171eml\u00e9k ref. temploma (1862), Somod ref. templom-ban (1862). <br \/><strong>Irod.:<\/strong> Csejd \u2013T\u00f3falva; Csiky Csaba; D\u00e1vid; Maros \u2013 m\u0171eml\u00e9kek<\/br><\/p>\n","protected":false},"excerpt":{"rendered":"<p>? \u2020 ? : orgona\u00e9p\u00edt\u0151. \u2013 Val\u00f3sz\u00edn\u0171, hogy Szatm\u00e1rr\u00f3l \u00e9rkezett Mv.-re. Orgona- \u00e9s zongorak\u00e9sz\u00edt\u0151 valamint jav\u00edt\u00f3 volt. Els\u0151 orgon\u00e1j\u00e1t 1848 ban az utols\u00f3t 1875 \u2013ben \u00e9p\u00edtette. Maros megy\u00e9ben 2 orgon\u00e1ja ismert: Csejd m\u0171eml\u00e9k ref. temploma (1862), Somod ref. templom-ban (1862). Irod.: Csejd \u2013T\u00f3falva; Csiky Csaba; D\u00e1vid; Maros \u2013 m\u0171eml\u00e9kek<\/p>\n","protected":false},"featured_media":0,"comment_status":"open","ping_status":"closed","template":"","meta":[],"product_brand":[],"product_cat":[137],"product_tag":[],"class_list":{"0":"post-4862","1":"product","2":"type-product","3":"status-publish","5":"product_cat-maros-megyei-eletrajzi-lexikon","7":"first","8":"instock","9":"shipping-taxable","10":"product-type-simple"},"_links":{"self":[{"href":"https:\/\/uj.adatbank.ro\/lexikon\/wp-json\/wp\/v2\/product\/4862","targetHints":{"allow":["GET"]}}],"collection":[{"href":"https:\/\/uj.adatbank.ro\/lexikon\/wp-json\/wp\/v2\/product"}],"about":[{"href":"https:\/\/uj.adatbank.ro\/lexikon\/wp-json\/wp\/v2\/types\/product"}],"replies":[{"embeddable":true,"href":"https:\/\/uj.adatbank.ro\/lexikon\/wp-json\/wp\/v2\/comments?post=4862"}],"wp:attachment":[{"href":"https:\/\/uj.adatbank.ro\/lexikon\/wp-json\/wp\/v2\/media?parent=4862"}],"wp:term":[{"taxonomy":"product_brand","embeddable":true,"href":"https:\/\/uj.adatbank.ro\/lexikon\/wp-json\/wp\/v2\/product_brand?post=4862"},{"taxonomy":"product_cat","embeddable":true,"href":"https:\/\/uj.adatbank.ro\/lexikon\/wp-json\/wp\/v2\/product_cat?post=4862"},{"taxonomy":"product_tag","embeddable":true,"href":"https:\/\/uj.adatbank.ro\/lexikon\/wp-json\/wp\/v2\/product_tag?post=4862"}],"curies":[{"name":"wp","href":"https:\/\/api.w.org\/{rel}","templated":true}]}}