{"id":4866,"date":"2025-06-28T16:55:48","date_gmt":"2025-06-28T14:55:48","guid":{"rendered":"https:\/\/uj.adatbank.ro\/lexikon\/termek\/blau-endre\/"},"modified":"2025-06-28T16:55:48","modified_gmt":"2025-06-28T14:55:48","slug":"blau-endre","status":"publish","type":"product","link":"https:\/\/uj.adatbank.ro\/lexikon\/termek\/blau-endre\/","title":{"rendered":"BLAU Endre"},"content":{"rendered":"<p>? \u2020 ? : orvos. \u2013 Tan\u00e1rseg\u00e9d a N\u0151gy\u00f3gy\u00e1szaton \u2013 N\u00e9metorsz\u00e1gban. <br \/><strong>Irod.:<\/strong> Kiss Cs. M 3.<\/br><\/p>\n","protected":false},"excerpt":{"rendered":"<p>? \u2020 ? : orvos. \u2013 Tan\u00e1rseg\u00e9d a N\u0151gy\u00f3gy\u00e1szaton \u2013 N\u00e9metorsz\u00e1gban. Irod.: Kiss Cs. M 3.<\/p>\n","protected":false},"featured_media":0,"comment_status":"open","ping_status":"closed","template":"","meta":[],"product_brand":[],"product_cat":[137],"product_tag":[],"class_list":{"0":"post-4866","1":"product","2":"type-product","3":"status-publish","5":"product_cat-maros-megyei-eletrajzi-lexikon","7":"first","8":"instock","9":"shipping-taxable","10":"product-type-simple"},"_links":{"self":[{"href":"https:\/\/uj.adatbank.ro\/lexikon\/wp-json\/wp\/v2\/product\/4866","targetHints":{"allow":["GET"]}}],"collection":[{"href":"https:\/\/uj.adatbank.ro\/lexikon\/wp-json\/wp\/v2\/product"}],"about":[{"href":"https:\/\/uj.adatbank.ro\/lexikon\/wp-json\/wp\/v2\/types\/product"}],"replies":[{"embeddable":true,"href":"https:\/\/uj.adatbank.ro\/lexikon\/wp-json\/wp\/v2\/comments?post=4866"}],"wp:attachment":[{"href":"https:\/\/uj.adatbank.ro\/lexikon\/wp-json\/wp\/v2\/media?parent=4866"}],"wp:term":[{"taxonomy":"product_brand","embeddable":true,"href":"https:\/\/uj.adatbank.ro\/lexikon\/wp-json\/wp\/v2\/product_brand?post=4866"},{"taxonomy":"product_cat","embeddable":true,"href":"https:\/\/uj.adatbank.ro\/lexikon\/wp-json\/wp\/v2\/product_cat?post=4866"},{"taxonomy":"product_tag","embeddable":true,"href":"https:\/\/uj.adatbank.ro\/lexikon\/wp-json\/wp\/v2\/product_tag?post=4866"}],"curies":[{"name":"wp","href":"https:\/\/api.w.org\/{rel}","templated":true}]}}