{"id":4868,"date":"2025-06-28T16:55:51","date_gmt":"2025-06-28T14:55:51","guid":{"rendered":"https:\/\/uj.adatbank.ro\/lexikon\/termek\/blazek-charlotte\/"},"modified":"2025-06-28T16:55:51","modified_gmt":"2025-06-28T14:55:51","slug":"blazek-charlotte","status":"publish","type":"product","link":"https:\/\/uj.adatbank.ro\/lexikon\/termek\/blazek-charlotte\/","title":{"rendered":"BLAZEK Charlotte"},"content":{"rendered":"<p>? \u2020 ? : tan\u00edt\u00f3n\u0151, \u00e9nekesn\u0151. \u2013 Sz\u00e1szk\u00e9zden tan\u00edtott, h\u00edres szopr\u00e1n \u00e9nekesn\u0151, aki lelkes\u00edtette a sz\u00e1szk\u00e9zi \u00e9s segesv\u00e1ri sz\u00e1szs\u00e1got a k\u00e9t vh. k\u00f6z\u00f6tt. <br \/><strong>Irod.:<\/strong> Saschiz<\/br><\/p>\n","protected":false},"excerpt":{"rendered":"<p>? \u2020 ? : tan\u00edt\u00f3n\u0151, \u00e9nekesn\u0151. \u2013 Sz\u00e1szk\u00e9zden tan\u00edtott, h\u00edres szopr\u00e1n \u00e9nekesn\u0151, aki lelkes\u00edtette a sz\u00e1szk\u00e9zi \u00e9s segesv\u00e1ri sz\u00e1szs\u00e1got a k\u00e9t vh. k\u00f6z\u00f6tt. Irod.: Saschiz<\/p>\n","protected":false},"featured_media":0,"comment_status":"open","ping_status":"closed","template":"","meta":[],"product_brand":[],"product_cat":[137],"product_tag":[],"class_list":{"0":"post-4868","1":"product","2":"type-product","3":"status-publish","5":"product_cat-maros-megyei-eletrajzi-lexikon","7":"first","8":"instock","9":"shipping-taxable","10":"product-type-simple"},"_links":{"self":[{"href":"https:\/\/uj.adatbank.ro\/lexikon\/wp-json\/wp\/v2\/product\/4868","targetHints":{"allow":["GET"]}}],"collection":[{"href":"https:\/\/uj.adatbank.ro\/lexikon\/wp-json\/wp\/v2\/product"}],"about":[{"href":"https:\/\/uj.adatbank.ro\/lexikon\/wp-json\/wp\/v2\/types\/product"}],"replies":[{"embeddable":true,"href":"https:\/\/uj.adatbank.ro\/lexikon\/wp-json\/wp\/v2\/comments?post=4868"}],"wp:attachment":[{"href":"https:\/\/uj.adatbank.ro\/lexikon\/wp-json\/wp\/v2\/media?parent=4868"}],"wp:term":[{"taxonomy":"product_brand","embeddable":true,"href":"https:\/\/uj.adatbank.ro\/lexikon\/wp-json\/wp\/v2\/product_brand?post=4868"},{"taxonomy":"product_cat","embeddable":true,"href":"https:\/\/uj.adatbank.ro\/lexikon\/wp-json\/wp\/v2\/product_cat?post=4868"},{"taxonomy":"product_tag","embeddable":true,"href":"https:\/\/uj.adatbank.ro\/lexikon\/wp-json\/wp\/v2\/product_tag?post=4868"}],"curies":[{"name":"wp","href":"https:\/\/api.w.org\/{rel}","templated":true}]}}