{"id":4870,"date":"2025-06-28T16:55:54","date_gmt":"2025-06-28T14:55:54","guid":{"rendered":"https:\/\/uj.adatbank.ro\/lexikon\/termek\/blazsi-bonavita-mihaly-p\/"},"modified":"2025-06-28T16:55:54","modified_gmt":"2025-06-28T14:55:54","slug":"blazsi-bonavita-mihaly-p","status":"publish","type":"product","link":"https:\/\/uj.adatbank.ro\/lexikon\/termek\/blazsi-bonavita-mihaly-p\/","title":{"rendered":"BL\u00c1ZSI Bonavita Mih\u00e1ly, P."},"content":{"rendered":"<p>Gyergy\u00f3ditr\u00f3, 1756., \u2020\u00a0Segesv\u00e1r, 1815. j\u00fan. 28.: r. k. szerzetes. \u2013 Ferencrendi szerzetes, be\u00f6lt\u00f6z\u00f6tt (1775. szept. 29.), felszentelt\u00e9k (1779. dec. 18.). <br \/><strong>Irod.:<\/strong> Gy\u00f6rgy: A ferencrendiek<\/br><\/p>\n","protected":false},"excerpt":{"rendered":"<p>Gyergy\u00f3ditr\u00f3, 1756., \u2020\u00a0Segesv\u00e1r, 1815. j\u00fan. 28.: r. k. szerzetes. \u2013 Ferencrendi szerzetes, be\u00f6lt\u00f6z\u00f6tt (1775. szept. 29.), felszentelt\u00e9k (1779. dec. 18.). Irod.: Gy\u00f6rgy: A ferencrendiek<\/p>\n","protected":false},"featured_media":0,"comment_status":"open","ping_status":"closed","template":"","meta":[],"product_brand":[],"product_cat":[137],"product_tag":[],"class_list":{"0":"post-4870","1":"product","2":"type-product","3":"status-publish","5":"product_cat-maros-megyei-eletrajzi-lexikon","7":"first","8":"instock","9":"shipping-taxable","10":"product-type-simple"},"_links":{"self":[{"href":"https:\/\/uj.adatbank.ro\/lexikon\/wp-json\/wp\/v2\/product\/4870","targetHints":{"allow":["GET"]}}],"collection":[{"href":"https:\/\/uj.adatbank.ro\/lexikon\/wp-json\/wp\/v2\/product"}],"about":[{"href":"https:\/\/uj.adatbank.ro\/lexikon\/wp-json\/wp\/v2\/types\/product"}],"replies":[{"embeddable":true,"href":"https:\/\/uj.adatbank.ro\/lexikon\/wp-json\/wp\/v2\/comments?post=4870"}],"wp:attachment":[{"href":"https:\/\/uj.adatbank.ro\/lexikon\/wp-json\/wp\/v2\/media?parent=4870"}],"wp:term":[{"taxonomy":"product_brand","embeddable":true,"href":"https:\/\/uj.adatbank.ro\/lexikon\/wp-json\/wp\/v2\/product_brand?post=4870"},{"taxonomy":"product_cat","embeddable":true,"href":"https:\/\/uj.adatbank.ro\/lexikon\/wp-json\/wp\/v2\/product_cat?post=4870"},{"taxonomy":"product_tag","embeddable":true,"href":"https:\/\/uj.adatbank.ro\/lexikon\/wp-json\/wp\/v2\/product_tag?post=4870"}],"curies":[{"name":"wp","href":"https:\/\/api.w.org\/{rel}","templated":true}]}}