{"id":4872,"date":"2025-06-28T16:55:59","date_gmt":"2025-06-28T14:55:59","guid":{"rendered":"https:\/\/uj.adatbank.ro\/lexikon\/termek\/blejnari-iosif-lazar\/"},"modified":"2025-06-28T16:55:59","modified_gmt":"2025-06-28T14:55:59","slug":"blejnari-iosif-lazar","status":"publish","type":"product","link":"https:\/\/uj.adatbank.ro\/lexikon\/termek\/blejnari-iosif-lazar\/","title":{"rendered":"BLEJNARI Iosif Laz\u0103r"},"content":{"rendered":"<p>? \u2020 Mv., 1970. m\u00e1j. 13.: fiatal katona, aki \u00e9let\u00e9t vesztette a mv.-i \u00e1rv\u00edz idej\u00e9n a ment\u00e9si munk\u00e1latok k\u00f6zben. Eml\u00e9kt\u00e1bla \u00e9s utcan\u00e9v \u0151rzi tett\u00e9t. <br \/><strong>Irod.:<\/strong> MMK; Ma 25 esztendeje (N\u00fa., 1995. m\u00e1j. 13.)<\/br><\/p>\n","protected":false},"excerpt":{"rendered":"<p>? \u2020 Mv., 1970. m\u00e1j. 13.: fiatal katona, aki \u00e9let\u00e9t vesztette a mv.-i \u00e1rv\u00edz idej\u00e9n a ment\u00e9si munk\u00e1latok k\u00f6zben. Eml\u00e9kt\u00e1bla \u00e9s utcan\u00e9v \u0151rzi tett\u00e9t. Irod.: MMK; Ma 25 esztendeje (N\u00fa., 1995. m\u00e1j. 13.)<\/p>\n","protected":false},"featured_media":0,"comment_status":"open","ping_status":"closed","template":"","meta":[],"product_brand":[],"product_cat":[137],"product_tag":[],"class_list":{"0":"post-4872","1":"product","2":"type-product","3":"status-publish","5":"product_cat-maros-megyei-eletrajzi-lexikon","7":"first","8":"instock","9":"shipping-taxable","10":"product-type-simple"},"_links":{"self":[{"href":"https:\/\/uj.adatbank.ro\/lexikon\/wp-json\/wp\/v2\/product\/4872","targetHints":{"allow":["GET"]}}],"collection":[{"href":"https:\/\/uj.adatbank.ro\/lexikon\/wp-json\/wp\/v2\/product"}],"about":[{"href":"https:\/\/uj.adatbank.ro\/lexikon\/wp-json\/wp\/v2\/types\/product"}],"replies":[{"embeddable":true,"href":"https:\/\/uj.adatbank.ro\/lexikon\/wp-json\/wp\/v2\/comments?post=4872"}],"wp:attachment":[{"href":"https:\/\/uj.adatbank.ro\/lexikon\/wp-json\/wp\/v2\/media?parent=4872"}],"wp:term":[{"taxonomy":"product_brand","embeddable":true,"href":"https:\/\/uj.adatbank.ro\/lexikon\/wp-json\/wp\/v2\/product_brand?post=4872"},{"taxonomy":"product_cat","embeddable":true,"href":"https:\/\/uj.adatbank.ro\/lexikon\/wp-json\/wp\/v2\/product_cat?post=4872"},{"taxonomy":"product_tag","embeddable":true,"href":"https:\/\/uj.adatbank.ro\/lexikon\/wp-json\/wp\/v2\/product_tag?post=4872"}],"curies":[{"name":"wp","href":"https:\/\/api.w.org\/{rel}","templated":true}]}}