{"id":4873,"date":"2025-06-28T16:56:00","date_gmt":"2025-06-28T14:56:00","guid":{"rendered":"https:\/\/uj.adatbank.ro\/lexikon\/termek\/blenessy-maria-szini-lajosne\/"},"modified":"2025-06-28T16:56:00","modified_gmt":"2025-06-28T14:56:00","slug":"blenessy-maria-szini-lajosne","status":"publish","type":"product","link":"https:\/\/uj.adatbank.ro\/lexikon\/termek\/blenessy-maria-szini-lajosne\/","title":{"rendered":"BL\u00c9NESSY M\u00e1ria, Szini Lajosn\u00e9"},"content":{"rendered":"<p>Gyergy\u00f3szentmikl\u00f3s, 1897, \u2020\u00a0Mv., 1978.: keresked\u0151. \u2013 Sz\u00edni Lajos \u00edr\u00f3 feles\u00e9ge. \u2013 Fiatalon \u00f6zvegy maradt. A mv.-i Kult\u00farpalota f\u00f6ldsz\u00edntj\u00e9n volt n\u00e9pm\u0171v\u00e9szeti boltja (1940-es \u00e9vekben). A II. vh. ut\u00e1n Mo.-ra k\u00f6lt\u00f6z\u00f6tt a csal\u00e1d. <br \/><strong>Irod.:<\/strong> Molter 3.<\/br><\/p>\n","protected":false},"excerpt":{"rendered":"<p>Gyergy\u00f3szentmikl\u00f3s, 1897, \u2020\u00a0Mv., 1978.: keresked\u0151. \u2013 Sz\u00edni Lajos \u00edr\u00f3 feles\u00e9ge. \u2013 Fiatalon \u00f6zvegy maradt. A mv.-i Kult\u00farpalota f\u00f6ldsz\u00edntj\u00e9n volt n\u00e9pm\u0171v\u00e9szeti boltja (1940-es \u00e9vekben). A II. vh. ut\u00e1n Mo.-ra k\u00f6lt\u00f6z\u00f6tt a csal\u00e1d. Irod.: Molter 3.<\/p>\n","protected":false},"featured_media":0,"comment_status":"open","ping_status":"closed","template":"","meta":[],"product_brand":[],"product_cat":[137],"product_tag":[],"class_list":{"0":"post-4873","1":"product","2":"type-product","3":"status-publish","5":"product_cat-maros-megyei-eletrajzi-lexikon","7":"first","8":"instock","9":"shipping-taxable","10":"product-type-simple"},"_links":{"self":[{"href":"https:\/\/uj.adatbank.ro\/lexikon\/wp-json\/wp\/v2\/product\/4873","targetHints":{"allow":["GET"]}}],"collection":[{"href":"https:\/\/uj.adatbank.ro\/lexikon\/wp-json\/wp\/v2\/product"}],"about":[{"href":"https:\/\/uj.adatbank.ro\/lexikon\/wp-json\/wp\/v2\/types\/product"}],"replies":[{"embeddable":true,"href":"https:\/\/uj.adatbank.ro\/lexikon\/wp-json\/wp\/v2\/comments?post=4873"}],"wp:attachment":[{"href":"https:\/\/uj.adatbank.ro\/lexikon\/wp-json\/wp\/v2\/media?parent=4873"}],"wp:term":[{"taxonomy":"product_brand","embeddable":true,"href":"https:\/\/uj.adatbank.ro\/lexikon\/wp-json\/wp\/v2\/product_brand?post=4873"},{"taxonomy":"product_cat","embeddable":true,"href":"https:\/\/uj.adatbank.ro\/lexikon\/wp-json\/wp\/v2\/product_cat?post=4873"},{"taxonomy":"product_tag","embeddable":true,"href":"https:\/\/uj.adatbank.ro\/lexikon\/wp-json\/wp\/v2\/product_tag?post=4873"}],"curies":[{"name":"wp","href":"https:\/\/api.w.org\/{rel}","templated":true}]}}