{"id":4875,"date":"2025-06-28T16:56:03","date_gmt":"2025-06-28T14:56:03","guid":{"rendered":"https:\/\/uj.adatbank.ro\/lexikon\/termek\/blum-adolf\/"},"modified":"2025-06-28T16:56:03","modified_gmt":"2025-06-28T14:56:03","slug":"blum-adolf","status":"publish","type":"product","link":"https:\/\/uj.adatbank.ro\/lexikon\/termek\/blum-adolf\/","title":{"rendered":"BLUM Adolf"},"content":{"rendered":"<p>1901., \u2020\u00a0Mv., 1976. jan. 25.: keresked\u0151. \u2013 Sz\u00e1szr\u00e9genben \u00e9lt. A 22. mv.-i Gyalogezredben t\u00f6rzs\u0151rmesterk\u00e9nt harcolt az I. vh.-ban az orosz \u00e9s az olasz fronton (1915. m\u00e1j. \u2013 1918. nov.). <strong>Kit\u00fcntet\u00e9sei:<\/strong> K\u00e1roly csapat keresztje; Nagy ez\u00fcst vit\u00e9zs\u00e9gi \u00e9rem; Kis ez\u00fcst vit\u00e9zs\u00e9gi \u00e9rem; Bronz vit\u00e9zs\u00e9gi \u00e9rem. <br \/><strong>Irod.:<\/strong> Mv.-i zsid\u00f3 temet\u0151 dok.; Reghin, militari<\/br><\/p>\n","protected":false},"excerpt":{"rendered":"<p>1901., \u2020\u00a0Mv., 1976. jan. 25.: keresked\u0151. \u2013 Sz\u00e1szr\u00e9genben \u00e9lt. A 22. mv.-i Gyalogezredben t\u00f6rzs\u0151rmesterk\u00e9nt harcolt az I. vh.-ban az orosz \u00e9s az olasz fronton (1915. m\u00e1j. \u2013 1918. nov.). Kit\u00fcntet\u00e9sei: K\u00e1roly csapat keresztje; Nagy ez\u00fcst vit\u00e9zs\u00e9gi \u00e9rem; Kis ez\u00fcst vit\u00e9zs\u00e9gi \u00e9rem; Bronz vit\u00e9zs\u00e9gi \u00e9rem. Irod.: Mv.-i zsid\u00f3 temet\u0151 dok.; Reghin, militari<\/p>\n","protected":false},"featured_media":0,"comment_status":"open","ping_status":"closed","template":"","meta":[],"product_brand":[],"product_cat":[137],"product_tag":[],"class_list":{"0":"post-4875","1":"product","2":"type-product","3":"status-publish","5":"product_cat-maros-megyei-eletrajzi-lexikon","7":"first","8":"instock","9":"shipping-taxable","10":"product-type-simple"},"_links":{"self":[{"href":"https:\/\/uj.adatbank.ro\/lexikon\/wp-json\/wp\/v2\/product\/4875","targetHints":{"allow":["GET"]}}],"collection":[{"href":"https:\/\/uj.adatbank.ro\/lexikon\/wp-json\/wp\/v2\/product"}],"about":[{"href":"https:\/\/uj.adatbank.ro\/lexikon\/wp-json\/wp\/v2\/types\/product"}],"replies":[{"embeddable":true,"href":"https:\/\/uj.adatbank.ro\/lexikon\/wp-json\/wp\/v2\/comments?post=4875"}],"wp:attachment":[{"href":"https:\/\/uj.adatbank.ro\/lexikon\/wp-json\/wp\/v2\/media?parent=4875"}],"wp:term":[{"taxonomy":"product_brand","embeddable":true,"href":"https:\/\/uj.adatbank.ro\/lexikon\/wp-json\/wp\/v2\/product_brand?post=4875"},{"taxonomy":"product_cat","embeddable":true,"href":"https:\/\/uj.adatbank.ro\/lexikon\/wp-json\/wp\/v2\/product_cat?post=4875"},{"taxonomy":"product_tag","embeddable":true,"href":"https:\/\/uj.adatbank.ro\/lexikon\/wp-json\/wp\/v2\/product_tag?post=4875"}],"curies":[{"name":"wp","href":"https:\/\/api.w.org\/{rel}","templated":true}]}}