{"id":4876,"date":"2025-06-28T16:56:04","date_gmt":"2025-06-28T14:56:04","guid":{"rendered":"https:\/\/uj.adatbank.ro\/lexikon\/termek\/blum-mendel-%c2%a7\/"},"modified":"2025-06-28T16:56:04","modified_gmt":"2025-06-28T14:56:04","slug":"blum-mendel-%c2%a7","status":"publish","type":"product","link":"https:\/\/uj.adatbank.ro\/lexikon\/termek\/blum-mendel-%c2%a7\/","title":{"rendered":"BLUM Mendel, \u00a7"},"content":{"rendered":"<p>Mar\u00f3tlaka, 1891, \u2020\u00a0? : cip\u0151kr\u00e9mk\u00e9sz\u00edt\u0151. \u2013 Mv.-en cip\u0151kr\u00e9mk\u00e9sz\u00edt\u0151, keresked\u0151. R\u00e9szt vett az I. vh.-ban mint hadnagy (1913\u201317), az orosz, szerb majd ism\u00e9t az orosz fronton harcolt, k\u00e9tszer sebes\u00fclt, mint hadirokkant hadnagy szerelt le kit\u00fcntet\u00e9sekkel. <br \/><strong>Irod.:<\/strong> Er\u00add\u00e9lyi ezredek<\/br><\/p>\n","protected":false},"excerpt":{"rendered":"<p>Mar\u00f3tlaka, 1891, \u2020\u00a0? : cip\u0151kr\u00e9mk\u00e9sz\u00edt\u0151. \u2013 Mv.-en cip\u0151kr\u00e9mk\u00e9sz\u00edt\u0151, keresked\u0151. R\u00e9szt vett az I. vh.-ban mint hadnagy (1913\u201317), az orosz, szerb majd ism\u00e9t az orosz fronton harcolt, k\u00e9tszer sebes\u00fclt, mint hadirokkant hadnagy szerelt le kit\u00fcntet\u00e9sekkel. Irod.: Er\u00add\u00e9lyi ezredek<\/p>\n","protected":false},"featured_media":0,"comment_status":"open","ping_status":"closed","template":"","meta":[],"product_brand":[],"product_cat":[137],"product_tag":[],"class_list":{"0":"post-4876","1":"product","2":"type-product","3":"status-publish","5":"product_cat-maros-megyei-eletrajzi-lexikon","7":"first","8":"instock","9":"shipping-taxable","10":"product-type-simple"},"_links":{"self":[{"href":"https:\/\/uj.adatbank.ro\/lexikon\/wp-json\/wp\/v2\/product\/4876","targetHints":{"allow":["GET"]}}],"collection":[{"href":"https:\/\/uj.adatbank.ro\/lexikon\/wp-json\/wp\/v2\/product"}],"about":[{"href":"https:\/\/uj.adatbank.ro\/lexikon\/wp-json\/wp\/v2\/types\/product"}],"replies":[{"embeddable":true,"href":"https:\/\/uj.adatbank.ro\/lexikon\/wp-json\/wp\/v2\/comments?post=4876"}],"wp:attachment":[{"href":"https:\/\/uj.adatbank.ro\/lexikon\/wp-json\/wp\/v2\/media?parent=4876"}],"wp:term":[{"taxonomy":"product_brand","embeddable":true,"href":"https:\/\/uj.adatbank.ro\/lexikon\/wp-json\/wp\/v2\/product_brand?post=4876"},{"taxonomy":"product_cat","embeddable":true,"href":"https:\/\/uj.adatbank.ro\/lexikon\/wp-json\/wp\/v2\/product_cat?post=4876"},{"taxonomy":"product_tag","embeddable":true,"href":"https:\/\/uj.adatbank.ro\/lexikon\/wp-json\/wp\/v2\/product_tag?post=4876"}],"curies":[{"name":"wp","href":"https:\/\/api.w.org\/{rel}","templated":true}]}}