{"id":4878,"date":"2025-06-28T16:56:11","date_gmt":"2025-06-28T14:56:11","guid":{"rendered":"https:\/\/uj.adatbank.ro\/lexikon\/termek\/blutner-zsigmond\/"},"modified":"2025-06-28T16:56:11","modified_gmt":"2025-06-28T14:56:11","slug":"blutner-zsigmond","status":"publish","type":"product","link":"https:\/\/uj.adatbank.ro\/lexikon\/termek\/blutner-zsigmond\/","title":{"rendered":"BL\u00dcTNER Zsigmond"},"content":{"rendered":"<p>Nagysaj\u00f3, 1880., \u2020\u00a0?\u00a0: hentes \u00e9s m\u00e9sz\u00e1rosmester. \u2013 Iskol\u00e1it Nagysaj\u00f3n v\u00e9gezte majd m\u00e9sz\u00e1ros \u00e9s hentes szakm\u00e1t tanult. \u00d6n\u00e1ll\u00f3 mester Mv.-en (1904\u2013). Tekint\u00e9lyes iparosa volt a v\u00e1rosnak. Az els\u0151 vh.-ban a 63. gy. ezredben harcolt az orosz-lengyel fronton. A Szentgy\u00f6rgy t\u00e9ri h\u00e1z\u00e1nak teteje le\u00e9gett (1939. jan. 2.). <br \/><strong>Irod.:<\/strong> Id\u0151t\u00e1r 3.; Sz\u00e9kelyf\u00f6ld \u00ed. k<\/br><\/p>\n","protected":false},"excerpt":{"rendered":"<p>Nagysaj\u00f3, 1880., \u2020\u00a0?\u00a0: hentes \u00e9s m\u00e9sz\u00e1rosmester. \u2013 Iskol\u00e1it Nagysaj\u00f3n v\u00e9gezte majd m\u00e9sz\u00e1ros \u00e9s hentes szakm\u00e1t tanult. \u00d6n\u00e1ll\u00f3 mester Mv.-en (1904\u2013). Tekint\u00e9lyes iparosa volt a v\u00e1rosnak. Az els\u0151 vh.-ban a 63. gy. ezredben harcolt az orosz-lengyel fronton. A Szentgy\u00f6rgy t\u00e9ri h\u00e1z\u00e1nak teteje le\u00e9gett (1939. jan. 2.). Irod.: Id\u0151t\u00e1r 3.; Sz\u00e9kelyf\u00f6ld \u00ed. k<\/p>\n","protected":false},"featured_media":0,"comment_status":"open","ping_status":"closed","template":"","meta":[],"product_brand":[],"product_cat":[137],"product_tag":[],"class_list":{"0":"post-4878","1":"product","2":"type-product","3":"status-publish","5":"product_cat-maros-megyei-eletrajzi-lexikon","7":"first","8":"instock","9":"shipping-taxable","10":"product-type-simple"},"_links":{"self":[{"href":"https:\/\/uj.adatbank.ro\/lexikon\/wp-json\/wp\/v2\/product\/4878","targetHints":{"allow":["GET"]}}],"collection":[{"href":"https:\/\/uj.adatbank.ro\/lexikon\/wp-json\/wp\/v2\/product"}],"about":[{"href":"https:\/\/uj.adatbank.ro\/lexikon\/wp-json\/wp\/v2\/types\/product"}],"replies":[{"embeddable":true,"href":"https:\/\/uj.adatbank.ro\/lexikon\/wp-json\/wp\/v2\/comments?post=4878"}],"wp:attachment":[{"href":"https:\/\/uj.adatbank.ro\/lexikon\/wp-json\/wp\/v2\/media?parent=4878"}],"wp:term":[{"taxonomy":"product_brand","embeddable":true,"href":"https:\/\/uj.adatbank.ro\/lexikon\/wp-json\/wp\/v2\/product_brand?post=4878"},{"taxonomy":"product_cat","embeddable":true,"href":"https:\/\/uj.adatbank.ro\/lexikon\/wp-json\/wp\/v2\/product_cat?post=4878"},{"taxonomy":"product_tag","embeddable":true,"href":"https:\/\/uj.adatbank.ro\/lexikon\/wp-json\/wp\/v2\/product_tag?post=4878"}],"curies":[{"name":"wp","href":"https:\/\/api.w.org\/{rel}","templated":true}]}}