{"id":4882,"date":"2025-06-28T16:56:16","date_gmt":"2025-06-28T14:56:16","guid":{"rendered":"https:\/\/uj.adatbank.ro\/lexikon\/termek\/boar-ioan-stefan\/"},"modified":"2025-06-28T16:56:16","modified_gmt":"2025-06-28T14:56:16","slug":"boar-ioan-stefan","status":"publish","type":"product","link":"https:\/\/uj.adatbank.ro\/lexikon\/termek\/boar-ioan-stefan\/","title":{"rendered":"BOAR Ioan \u015etefan"},"content":{"rendered":"<p>Moreni, 1922. febr. 11. \u2020 Mv., 1990. j\u00fan. 7.: asztalos, katonatiszt. \u2013 Elemi iskol\u00e1t \u00e9s faipari inasiskol\u00e1t Sz\u00e1szr\u00e9genben v\u00e9gzett. Apja mellett dolgozott seg\u00e9dk\u00e9nt, majd saj\u00e1t asztalosm\u0171helyt nyitott Sz\u00e1szr\u00e9genben. A m. hadsereg 34. ut\u00e1szezred\u00e9ben harcolt (1944. j\u00fal. 25\u2013), szovjet fogs\u00e1gba esett, a Don kanyarban, Rostovban volt fogoly (1944. okt. \u2013 45. szept. 20.), haza\u00e9rkezett (1946. j\u00fan. 28.). R\u00e9genben \u00e9s Mv.-en \u00e9lt. <br \/><strong>Irod.:<\/strong> Reghin, militari<\/br><\/p>\n","protected":false},"excerpt":{"rendered":"<p>Moreni, 1922. febr. 11. \u2020 Mv., 1990. j\u00fan. 7.: asztalos, katonatiszt. \u2013 Elemi iskol\u00e1t \u00e9s faipari inasiskol\u00e1t Sz\u00e1szr\u00e9genben v\u00e9gzett. Apja mellett dolgozott seg\u00e9dk\u00e9nt, majd saj\u00e1t asztalosm\u0171helyt nyitott Sz\u00e1szr\u00e9genben. A m. hadsereg 34. ut\u00e1szezred\u00e9ben harcolt (1944. j\u00fal. 25\u2013), szovjet fogs\u00e1gba esett, a Don kanyarban, Rostovban volt fogoly (1944. okt. \u2013 45. szept. 20.), haza\u00e9rkezett (1946. j\u00fan. [&hellip;]<\/p>\n","protected":false},"featured_media":0,"comment_status":"open","ping_status":"closed","template":"","meta":[],"product_brand":[],"product_cat":[137],"product_tag":[],"class_list":{"0":"post-4882","1":"product","2":"type-product","3":"status-publish","5":"product_cat-maros-megyei-eletrajzi-lexikon","7":"first","8":"instock","9":"shipping-taxable","10":"product-type-simple"},"_links":{"self":[{"href":"https:\/\/uj.adatbank.ro\/lexikon\/wp-json\/wp\/v2\/product\/4882","targetHints":{"allow":["GET"]}}],"collection":[{"href":"https:\/\/uj.adatbank.ro\/lexikon\/wp-json\/wp\/v2\/product"}],"about":[{"href":"https:\/\/uj.adatbank.ro\/lexikon\/wp-json\/wp\/v2\/types\/product"}],"replies":[{"embeddable":true,"href":"https:\/\/uj.adatbank.ro\/lexikon\/wp-json\/wp\/v2\/comments?post=4882"}],"wp:attachment":[{"href":"https:\/\/uj.adatbank.ro\/lexikon\/wp-json\/wp\/v2\/media?parent=4882"}],"wp:term":[{"taxonomy":"product_brand","embeddable":true,"href":"https:\/\/uj.adatbank.ro\/lexikon\/wp-json\/wp\/v2\/product_brand?post=4882"},{"taxonomy":"product_cat","embeddable":true,"href":"https:\/\/uj.adatbank.ro\/lexikon\/wp-json\/wp\/v2\/product_cat?post=4882"},{"taxonomy":"product_tag","embeddable":true,"href":"https:\/\/uj.adatbank.ro\/lexikon\/wp-json\/wp\/v2\/product_tag?post=4882"}],"curies":[{"name":"wp","href":"https:\/\/api.w.org\/{rel}","templated":true}]}}