{"id":4886,"date":"2025-06-28T16:56:24","date_gmt":"2025-06-28T14:56:24","guid":{"rendered":"https:\/\/uj.adatbank.ro\/lexikon\/termek\/bob-ioan-bobb-ioan-babb-janos\/"},"modified":"2025-06-28T16:56:24","modified_gmt":"2025-06-28T14:56:24","slug":"bob-ioan-bobb-ioan-babb-janos","status":"publish","type":"product","link":"https:\/\/uj.adatbank.ro\/lexikon\/termek\/bob-ioan-bobb-ioan-babb-janos\/","title":{"rendered":"BOB Ioan, Bobb Ioan, Babb J\u00e1nos"},"content":{"rendered":"<p>Orm\u00e1ny, 1739., \u2020 Bal\u00e1zsfalva, 1830. okt. 2.: g\u00f6r. kat. pap, p\u00fcsp\u00f6k. Halotti besz\u00e9det mondott felette lem\u00e9nyi Lem\u00e9ny J\u00e1nos (1830. okt. 7.). \u2013 Tanult sz\u00fcl\u0151faluj\u00e1ban, D\u00e9sakn\u00e1n, Kolozsgyul\u00e1n, a Csomaf\u00e1j\u00e1n lev\u0151 ref. iskol\u00e1kban; Kv.-on a jezsuit\u00e1khoz j\u00e1rt; a katolokus Szt. J\u00f3zsef papneveld\u00e9ben rettorik\u00e1t v\u00e9gzett, Bal\u00e1zsfalv\u00e1n tanult \u00e9s tan\u00edtott, itt lett novicius (1764). Udvarhelyen jezsuita szerzetes (1765\u201369). Visszat\u00e9rt Bal\u00e1zsfalv\u00e1ra a kolostorba d\u00e9zsmaszed\u0151k\u00e9nt (1769\u201373); Nagyszombaton teol\u00f3gi\u00e1t tanult (1773\u20131777); kir\u00e1ndul\u00e1st tett Pozsonyba \u00e9s B\u00e9csbe, majd Bal\u00e1zsfalv\u00e1n papp\u00e1 szentelt\u00e9k (1778). Esperes D\u00e1ny\u00e1n (1778\u20131779); lelk\u00e9sz \u00e9s esperes Mv.-en (1779. m\u00e1rc. \u2013 1782. j\u00fan.); paps\u00e1ga idej\u00e9n a diak\u00f3nus figyelmetlens\u00e9ge miatt le\u00e9gett a v\u00e1s\u00e1rhelyi g\u00f6r. kat. templom (1780), az iskol\u00e1t sem k\u00e9pesek fenntartani. Utas\u00edt\u00e1s\u00e1ra Dimitrie Pop nev\u0171 tan\u00edt\u00f3val egy\u00fctt az oktat\u00e1s sz\u00e9khely\u00e9t \u00e1ttett\u00e9k Magyarr\u00e9genbe (1785). Maiort k\u00f6vette a p\u00fcsp\u00f6ks\u00e9gben Bal\u00e1zsfalv\u00e1n (1782\u20131830). K\u00e9t alap\u00edtv\u00e1nya is volt: 3000 forintos alap\u00edtv\u00e1nya volt 4 rom\u00e1n \u00edfj\u00fa nevel\u0151h\u00e1zi tart\u00e1s\u00e1ra. Templom\u00e9p\u00edt\u0151 Kv.-on, Mv.-en, Meggyesen, Sz\u00e1szr\u00e9genben, ujj\u00e1szervezte a bal\u00e1zsfalvi gimn.-ot. Seg\u00edts\u00e9g\u00e9vel \u00e9s anyagi t\u00e1mogat\u00e1s\u00e1val, Topler J\u00e1nos \u00e9p\u00edt\u00e9sz tervei alapj\u00e1n, a mv.-i gr. kat.-ok fel\u00e9p\u00edtett\u00e9k a barokk st\u00edlus\u00fa k\u0151templomukat (1793\u201394). Fel\u00faj\u00edtt\u00e1k (1933), az ortodoxok \u00e1tvett\u00e9k (1948) \u00e9s \u00e1talak\u00edtott\u00e1k. A korm\u00e1nyt\u00f3l kiharcolta, hogy a papok fizet\u00e9st kapjanak a kincst\u00e1ri birtokokon. L\u00e9trehozta a Fogaras, H\u00e1tszeg \u00e9s Radna Vik\u00e1ri\u00e1tust. A rom\u00e1n n\u00e9p politikai \u00e9s nemzeti felszabad\u00edt\u00e1s\u00e1nak harcosa, t\u00f6bb petici\u00f3t fogalmaz meg \u00e9s terjeszt el\u0151 a b\u00e9csi udvarhoz, amelyek k\u00f6z\u00fcl a legjelent\u0151sebb a Suplex libellus Valachorum (1791). Konfliktusba keveredett Gh. \u015eincai, S. Micu-Klein \u00e9s P. Maior nevezetes szem\u00e9lyis\u00e9gekkel. Mv.-en utca viseli a nev\u00e9t. \u2013 <strong>F. m.:<\/strong> Cuv\u00e2nt de ziua instala\u0163iei (Blaj, 1784); Carte de \u00eenv\u0103\u0163\u0103turi cre\u015ftine\u015fti despre de\u015fert\u0103ciunea lumei \u015fi datoria omului \u00een fie\u015fte care stat, culese din Sf. Scriptur\u0103. Vol. 1\u20133 (Blaj, 1805\u20131806); \u00cen\u015ftiin\u0163are c\u0103tre cler despre ridicarea Capitulumului (Blaj, 1807); Forma cleriului \u015fi a p\u0103storului bun (Blaj, 1809); Cuv\u00e2nt p\u0103storesc (Blaj, 1811); Dic\u0163ionar rom\u00e2nesc, latinesc \u015fi unguresc. 2 k\u00f6t. (Cluj, 1822\u20131823). <br \/><strong>Irod.:<\/strong> Albu; Balaciu-Chiriacescu; B\u0103ciu\u0163, Nicolae-\u015eincan, Gheorghe: Biserica de piatr\u0103 \u201e\u00cen\u0103l\u0163area Domnului\u201d T\u00e2rgu-Mure\u015f (Vatra veche, nr. 1., 2009); Com\u015fa; Com\u015fa\u2013Seiceanu; Coto\u015fman, Gheorghe: Contribu\u0163ii la istoria vie\u0163ii rom\u00e2ne\u015fti din Transilvania la finea veacului al XIX.-lea (Caransebe\u015f, 194]); Halotti besz\u00e9dek; Id\u0151t\u00e1r 1; Iorga, N.: Histoire des roumains de Transylvanie et de Hongrie (Buc., 194]); Lupa\u015f, Ioan: Cronicari \u015fi istorici rom\u00e2ni din Transilvania (Craiova, 1933); Lupa\u015f, Ioan: Studii, conferin\u0163e \u015fi comunic\u0103ri istorice (Buc., 1927\u201341); Lupu, Nicolae: Episcopul Ioan Bob (Blaj, 1944); Maros megye; M\u00e1th\u00e9 Levente; Mure\u015f, jude\u0163; Ne\u015f, Teodor: Oamenii din Bihor (Oradea, 1937); P\u00e1l-Antal 2009; Pascu, \u015etefan: M\u00e9moires et protestation des roumains de Transylvanie et Hongrie de 1791 a 1892 (Buc., 1939); Pascu, \u015etefan: Transilvania \u00een lumina datelor geopolitice, istorice \u015fi statistice (Blaj, 1944); P\u0103curariu; P\u00e2cli\u015fanu, Z.: Luptele politice ale rom\u00e2nilor aedeleni din anii 1790\u201392 (Buc., 1923); P\u00e2cli\u015fanu, Zenovie: Un vechiu proces literar (Buc., 1935); Popa, Traian: Tg. M.; Poslu\u015fnicu; Predescu; Transilvania, Banatul, Cri\u015fana, Maramure\u015f (Buc., 1929); Szil\u00e1gyi S\u00e1ndor: Okm\u00e1nyok az erd\u00e9lyi tud\u00f3st\u00e1rsas\u00e1gi igyekezetek t\u00f6rt\u00e9net\u00e9hez. 1793\u20131845. = M. t\u00f6rt. t\u00e1r 9.; \u015eerban 2006; Todea 2013; Vartolomei, Vasile: M\u0103rturii culturale bihorene (Cluj, 1944); Veress<\/br><\/p>\n","protected":false},"excerpt":{"rendered":"<p>Orm\u00e1ny, 1739., \u2020 Bal\u00e1zsfalva, 1830. okt. 2.: g\u00f6r. kat. pap, p\u00fcsp\u00f6k. Halotti besz\u00e9det mondott felette lem\u00e9nyi Lem\u00e9ny J\u00e1nos (1830. okt. 7.). \u2013 Tanult sz\u00fcl\u0151faluj\u00e1ban, D\u00e9sakn\u00e1n, Kolozsgyul\u00e1n, a Csomaf\u00e1j\u00e1n lev\u0151 ref. iskol\u00e1kban; Kv.-on a jezsuit\u00e1khoz j\u00e1rt; a katolokus Szt. J\u00f3zsef papneveld\u00e9ben rettorik\u00e1t v\u00e9gzett, Bal\u00e1zsfalv\u00e1n tanult \u00e9s tan\u00edtott, itt lett novicius (1764). Udvarhelyen jezsuita szerzetes (1765\u201369). Visszat\u00e9rt [&hellip;]<\/p>\n","protected":false},"featured_media":0,"comment_status":"open","ping_status":"closed","template":"","meta":[],"product_brand":[],"product_cat":[137],"product_tag":[],"class_list":{"0":"post-4886","1":"product","2":"type-product","3":"status-publish","5":"product_cat-maros-megyei-eletrajzi-lexikon","7":"first","8":"instock","9":"shipping-taxable","10":"product-type-simple"},"_links":{"self":[{"href":"https:\/\/uj.adatbank.ro\/lexikon\/wp-json\/wp\/v2\/product\/4886","targetHints":{"allow":["GET"]}}],"collection":[{"href":"https:\/\/uj.adatbank.ro\/lexikon\/wp-json\/wp\/v2\/product"}],"about":[{"href":"https:\/\/uj.adatbank.ro\/lexikon\/wp-json\/wp\/v2\/types\/product"}],"replies":[{"embeddable":true,"href":"https:\/\/uj.adatbank.ro\/lexikon\/wp-json\/wp\/v2\/comments?post=4886"}],"wp:attachment":[{"href":"https:\/\/uj.adatbank.ro\/lexikon\/wp-json\/wp\/v2\/media?parent=4886"}],"wp:term":[{"taxonomy":"product_brand","embeddable":true,"href":"https:\/\/uj.adatbank.ro\/lexikon\/wp-json\/wp\/v2\/product_brand?post=4886"},{"taxonomy":"product_cat","embeddable":true,"href":"https:\/\/uj.adatbank.ro\/lexikon\/wp-json\/wp\/v2\/product_cat?post=4886"},{"taxonomy":"product_tag","embeddable":true,"href":"https:\/\/uj.adatbank.ro\/lexikon\/wp-json\/wp\/v2\/product_tag?post=4886"}],"curies":[{"name":"wp","href":"https:\/\/api.w.org\/{rel}","templated":true}]}}