{"id":4889,"date":"2025-06-28T16:56:29","date_gmt":"2025-06-28T14:56:29","guid":{"rendered":"https:\/\/uj.adatbank.ro\/lexikon\/termek\/bobletec-traian\/"},"modified":"2025-06-28T16:56:29","modified_gmt":"2025-06-28T14:56:29","slug":"bobletec-traian","status":"publish","type":"product","link":"https:\/\/uj.adatbank.ro\/lexikon\/termek\/bobletec-traian\/","title":{"rendered":"BOBLETEC Traian"},"content":{"rendered":"<p>? \u2020 ? : \u00e9p\u00edt\u00e9szmester. \u2013 N\u00e1zn\u00e1nfalvi sz\u00e1rmaz\u00e1s\u00fa Mv.-en r\u00e9szt vett a nagy ort. katedr\u00e1lis \u00e9p\u00edt\u00e9s\u00e9ben (1925). Az ikonoszt\u00e1zt faragta, amely a katedr\u00e1lis egyik f\u0151 \u00e9kess\u00e9ge. <br \/><strong>Irod.:<\/strong> B\u0103ciu\u0163-\u015eincan 2006; Man, 3.; Mv. m\u0171v. v\u00e1r.<\/br><\/p>\n","protected":false},"excerpt":{"rendered":"<p>? \u2020 ? : \u00e9p\u00edt\u00e9szmester. \u2013 N\u00e1zn\u00e1nfalvi sz\u00e1rmaz\u00e1s\u00fa Mv.-en r\u00e9szt vett a nagy ort. katedr\u00e1lis \u00e9p\u00edt\u00e9s\u00e9ben (1925). Az ikonoszt\u00e1zt faragta, amely a katedr\u00e1lis egyik f\u0151 \u00e9kess\u00e9ge. Irod.: B\u0103ciu\u0163-\u015eincan 2006; Man, 3.; Mv. m\u0171v. v\u00e1r.<\/p>\n","protected":false},"featured_media":0,"comment_status":"open","ping_status":"closed","template":"","meta":[],"product_brand":[],"product_cat":[137],"product_tag":[],"class_list":{"0":"post-4889","1":"product","2":"type-product","3":"status-publish","5":"product_cat-maros-megyei-eletrajzi-lexikon","7":"first","8":"instock","9":"shipping-taxable","10":"product-type-simple"},"_links":{"self":[{"href":"https:\/\/uj.adatbank.ro\/lexikon\/wp-json\/wp\/v2\/product\/4889","targetHints":{"allow":["GET"]}}],"collection":[{"href":"https:\/\/uj.adatbank.ro\/lexikon\/wp-json\/wp\/v2\/product"}],"about":[{"href":"https:\/\/uj.adatbank.ro\/lexikon\/wp-json\/wp\/v2\/types\/product"}],"replies":[{"embeddable":true,"href":"https:\/\/uj.adatbank.ro\/lexikon\/wp-json\/wp\/v2\/comments?post=4889"}],"wp:attachment":[{"href":"https:\/\/uj.adatbank.ro\/lexikon\/wp-json\/wp\/v2\/media?parent=4889"}],"wp:term":[{"taxonomy":"product_brand","embeddable":true,"href":"https:\/\/uj.adatbank.ro\/lexikon\/wp-json\/wp\/v2\/product_brand?post=4889"},{"taxonomy":"product_cat","embeddable":true,"href":"https:\/\/uj.adatbank.ro\/lexikon\/wp-json\/wp\/v2\/product_cat?post=4889"},{"taxonomy":"product_tag","embeddable":true,"href":"https:\/\/uj.adatbank.ro\/lexikon\/wp-json\/wp\/v2\/product_tag?post=4889"}],"curies":[{"name":"wp","href":"https:\/\/api.w.org\/{rel}","templated":true}]}}