{"id":4890,"date":"2025-06-28T16:56:33","date_gmt":"2025-06-28T14:56:33","guid":{"rendered":"https:\/\/uj.adatbank.ro\/lexikon\/termek\/bobrovszky-lili\/"},"modified":"2025-06-28T16:56:33","modified_gmt":"2025-06-28T14:56:33","slug":"bobrovszky-lili","status":"publish","type":"product","link":"https:\/\/uj.adatbank.ro\/lexikon\/termek\/bobrovszky-lili\/","title":{"rendered":"BOBROVSZKY Lili"},"content":{"rendered":"<p>D\u00e9s, 1895, febr. 16., \u2020\u00a0? : szubrett, primadonna, karmester, \u00fajs\u00e1g\u00edr\u00f3. \u2013 Sz\u00edn\u00e9szn\u0151 lett (1921). Fell\u00e9pett t\u00f6bb v\u00e1rosban, mint: Fels\u0151b\u00e1nya, Tasn\u00e1d, Szil\u00e1gycseh, Zsib\u00f3, Hidalm\u00e1s, Sz\u00e9kelyhid, Nagysomk\u00fat, Margitta, Piski, Lup\u00e9ny, Maros\u00fajv\u00e1r, Lrmih\u00e1lyfalva, Szin\u00e9rv\u00e1ralja (1921\u201322), Torda (1923\u201324), Beszterce, Petrozs\u00e9ny (1926\u201327), G\u00e1talja, Dette, Boks\u00e1nb\u00e1nya, Resica (1929\u201330), Nagyb\u00e1nya, Szatm\u00e1rn\u00e9meti (1930\u201331). Szer.-je volt a Ferenczy Erzs\u00e9bet f\u0151szerkeszt\u00e9s\u00e9ben Mv.-en megjelent Mozaik c. lapnak (1936\u201340). Gyakran tart\u00f3zkodott Nagyb\u00e1ny\u00e1n, ott kapta meg a rom\u00e1n \u00e1llampolg\u00e1rs\u00e1got (1929), ilyenkor vez\u00e9nyelte a helyi zenekart. \u2013 <strong>F. sz.:<\/strong> Borcsa (Em\u0151d-T\u00f6r\u00f6k: Borcsa Amerik\u00e1ban); Miss Lucy Green (Farkas Imre: R\u00f3zsika lelkem); Riza b\u00e1r\u00f3n\u0151 (K\u00e1lm\u00e1n: Tat\u00e1rj\u00e1r\u00e1s); C\u00e1rn\u0151 (B\u00edr\u00f3 Lajos \u2013 Lengyel Menyh\u00e9rt: C\u00e1rn\u0151). <br \/><strong>Irod.:<\/strong> K\u00f6t\u0151; Popt\u0103ma\u015f\u2013M\u00f3zes<\/br><\/p>\n","protected":false},"excerpt":{"rendered":"<p>D\u00e9s, 1895, febr. 16., \u2020\u00a0? : szubrett, primadonna, karmester, \u00fajs\u00e1g\u00edr\u00f3. \u2013 Sz\u00edn\u00e9szn\u0151 lett (1921). Fell\u00e9pett t\u00f6bb v\u00e1rosban, mint: Fels\u0151b\u00e1nya, Tasn\u00e1d, Szil\u00e1gycseh, Zsib\u00f3, Hidalm\u00e1s, Sz\u00e9kelyhid, Nagysomk\u00fat, Margitta, Piski, Lup\u00e9ny, Maros\u00fajv\u00e1r, Lrmih\u00e1lyfalva, Szin\u00e9rv\u00e1ralja (1921\u201322), Torda (1923\u201324), Beszterce, Petrozs\u00e9ny (1926\u201327), G\u00e1talja, Dette, Boks\u00e1nb\u00e1nya, Resica (1929\u201330), Nagyb\u00e1nya, Szatm\u00e1rn\u00e9meti (1930\u201331). Szer.-je volt a Ferenczy Erzs\u00e9bet f\u0151szerkeszt\u00e9s\u00e9ben Mv.-en megjelent Mozaik c. [&hellip;]<\/p>\n","protected":false},"featured_media":0,"comment_status":"open","ping_status":"closed","template":"","meta":[],"product_brand":[],"product_cat":[137],"product_tag":[],"class_list":{"0":"post-4890","1":"product","2":"type-product","3":"status-publish","5":"product_cat-maros-megyei-eletrajzi-lexikon","7":"first","8":"instock","9":"shipping-taxable","10":"product-type-simple"},"_links":{"self":[{"href":"https:\/\/uj.adatbank.ro\/lexikon\/wp-json\/wp\/v2\/product\/4890","targetHints":{"allow":["GET"]}}],"collection":[{"href":"https:\/\/uj.adatbank.ro\/lexikon\/wp-json\/wp\/v2\/product"}],"about":[{"href":"https:\/\/uj.adatbank.ro\/lexikon\/wp-json\/wp\/v2\/types\/product"}],"replies":[{"embeddable":true,"href":"https:\/\/uj.adatbank.ro\/lexikon\/wp-json\/wp\/v2\/comments?post=4890"}],"wp:attachment":[{"href":"https:\/\/uj.adatbank.ro\/lexikon\/wp-json\/wp\/v2\/media?parent=4890"}],"wp:term":[{"taxonomy":"product_brand","embeddable":true,"href":"https:\/\/uj.adatbank.ro\/lexikon\/wp-json\/wp\/v2\/product_brand?post=4890"},{"taxonomy":"product_cat","embeddable":true,"href":"https:\/\/uj.adatbank.ro\/lexikon\/wp-json\/wp\/v2\/product_cat?post=4890"},{"taxonomy":"product_tag","embeddable":true,"href":"https:\/\/uj.adatbank.ro\/lexikon\/wp-json\/wp\/v2\/product_tag?post=4890"}],"curies":[{"name":"wp","href":"https:\/\/api.w.org\/{rel}","templated":true}]}}