{"id":4895,"date":"2025-06-28T16:56:42","date_gmt":"2025-06-28T14:56:42","guid":{"rendered":"https:\/\/uj.adatbank.ro\/lexikon\/termek\/bocsardi-gyorgy\/"},"modified":"2025-06-28T16:56:42","modified_gmt":"2025-06-28T14:56:42","slug":"bocsardi-gyorgy","status":"publish","type":"product","link":"https:\/\/uj.adatbank.ro\/lexikon\/termek\/bocsardi-gyorgy\/","title":{"rendered":"BOCS\u00c1RDI Gy\u00f6rgy"},"content":{"rendered":"<p>? \u2020\u00a0? : ref. lelk\u00e9sz. \u2013 Marosugr\u00e1n t\u00f6bb mint 20 \u00e9vig szolg\u00e1lt, n\u00e9mi megszak\u00edt\u00e1ssal (1891. dec.- 1900. dec.; 1908. nov. 8. \u2013 1909. febr. 22.; 1914. j\u00fan. 24. \u2013 1925. m\u00e1rc. 22.). <br \/><strong>Irod.:<\/strong> Ogra<\/br><\/p>\n","protected":false},"excerpt":{"rendered":"<p>? \u2020\u00a0? : ref. lelk\u00e9sz. \u2013 Marosugr\u00e1n t\u00f6bb mint 20 \u00e9vig szolg\u00e1lt, n\u00e9mi megszak\u00edt\u00e1ssal (1891. dec.- 1900. dec.; 1908. nov. 8. \u2013 1909. febr. 22.; 1914. j\u00fan. 24. \u2013 1925. m\u00e1rc. 22.). Irod.: Ogra<\/p>\n","protected":false},"featured_media":0,"comment_status":"open","ping_status":"closed","template":"","meta":[],"product_brand":[],"product_cat":[137],"product_tag":[],"class_list":{"0":"post-4895","1":"product","2":"type-product","3":"status-publish","5":"product_cat-maros-megyei-eletrajzi-lexikon","7":"first","8":"instock","9":"shipping-taxable","10":"product-type-simple"},"_links":{"self":[{"href":"https:\/\/uj.adatbank.ro\/lexikon\/wp-json\/wp\/v2\/product\/4895","targetHints":{"allow":["GET"]}}],"collection":[{"href":"https:\/\/uj.adatbank.ro\/lexikon\/wp-json\/wp\/v2\/product"}],"about":[{"href":"https:\/\/uj.adatbank.ro\/lexikon\/wp-json\/wp\/v2\/types\/product"}],"replies":[{"embeddable":true,"href":"https:\/\/uj.adatbank.ro\/lexikon\/wp-json\/wp\/v2\/comments?post=4895"}],"wp:attachment":[{"href":"https:\/\/uj.adatbank.ro\/lexikon\/wp-json\/wp\/v2\/media?parent=4895"}],"wp:term":[{"taxonomy":"product_brand","embeddable":true,"href":"https:\/\/uj.adatbank.ro\/lexikon\/wp-json\/wp\/v2\/product_brand?post=4895"},{"taxonomy":"product_cat","embeddable":true,"href":"https:\/\/uj.adatbank.ro\/lexikon\/wp-json\/wp\/v2\/product_cat?post=4895"},{"taxonomy":"product_tag","embeddable":true,"href":"https:\/\/uj.adatbank.ro\/lexikon\/wp-json\/wp\/v2\/product_tag?post=4895"}],"curies":[{"name":"wp","href":"https:\/\/api.w.org\/{rel}","templated":true}]}}