{"id":4896,"date":"2025-06-28T16:56:44","date_gmt":"2025-06-28T14:56:44","guid":{"rendered":"https:\/\/uj.adatbank.ro\/lexikon\/termek\/bocsardi-marton\/"},"modified":"2025-06-28T16:56:44","modified_gmt":"2025-06-28T14:56:44","slug":"bocsardi-marton","status":"publish","type":"product","link":"https:\/\/uj.adatbank.ro\/lexikon\/termek\/bocsardi-marton\/","title":{"rendered":"BOCS\u00c1RDI M\u00e1rton"},"content":{"rendered":"<p>1928., \u2020\u00a0? : tan\u00e1r, labdar\u00fag\u00f3, edz\u0151. \u2013 Az ASA els\u0151 edz\u0151je (1964) volt Bon\u00e9 Tibor el\u0151tt, de csak r\u00f6vid ideig. <br \/><strong>Irod.:<\/strong> Sucher; Tompa Z. Mih\u00e1ly: R\u00e9gi sikerekr\u0151l, \u00fajakra v\u00e1rva (V. Z., 1988. szept. 11.)<\/br><\/p>\n","protected":false},"excerpt":{"rendered":"<p>1928., \u2020\u00a0? : tan\u00e1r, labdar\u00fag\u00f3, edz\u0151. \u2013 Az ASA els\u0151 edz\u0151je (1964) volt Bon\u00e9 Tibor el\u0151tt, de csak r\u00f6vid ideig. Irod.: Sucher; Tompa Z. Mih\u00e1ly: R\u00e9gi sikerekr\u0151l, \u00fajakra v\u00e1rva (V. Z., 1988. szept. 11.)<\/p>\n","protected":false},"featured_media":0,"comment_status":"open","ping_status":"closed","template":"","meta":[],"product_brand":[],"product_cat":[137],"product_tag":[],"class_list":{"0":"post-4896","1":"product","2":"type-product","3":"status-publish","5":"product_cat-maros-megyei-eletrajzi-lexikon","7":"first","8":"instock","9":"shipping-taxable","10":"product-type-simple"},"_links":{"self":[{"href":"https:\/\/uj.adatbank.ro\/lexikon\/wp-json\/wp\/v2\/product\/4896","targetHints":{"allow":["GET"]}}],"collection":[{"href":"https:\/\/uj.adatbank.ro\/lexikon\/wp-json\/wp\/v2\/product"}],"about":[{"href":"https:\/\/uj.adatbank.ro\/lexikon\/wp-json\/wp\/v2\/types\/product"}],"replies":[{"embeddable":true,"href":"https:\/\/uj.adatbank.ro\/lexikon\/wp-json\/wp\/v2\/comments?post=4896"}],"wp:attachment":[{"href":"https:\/\/uj.adatbank.ro\/lexikon\/wp-json\/wp\/v2\/media?parent=4896"}],"wp:term":[{"taxonomy":"product_brand","embeddable":true,"href":"https:\/\/uj.adatbank.ro\/lexikon\/wp-json\/wp\/v2\/product_brand?post=4896"},{"taxonomy":"product_cat","embeddable":true,"href":"https:\/\/uj.adatbank.ro\/lexikon\/wp-json\/wp\/v2\/product_cat?post=4896"},{"taxonomy":"product_tag","embeddable":true,"href":"https:\/\/uj.adatbank.ro\/lexikon\/wp-json\/wp\/v2\/product_tag?post=4896"}],"curies":[{"name":"wp","href":"https:\/\/api.w.org\/{rel}","templated":true}]}}