{"id":4901,"date":"2025-06-28T16:56:52","date_gmt":"2025-06-28T14:56:52","guid":{"rendered":"https:\/\/uj.adatbank.ro\/lexikon\/termek\/bocskay-miklos-remetei\/"},"modified":"2025-06-28T16:56:52","modified_gmt":"2025-06-28T14:56:52","slug":"bocskay-miklos-remetei","status":"publish","type":"product","link":"https:\/\/uj.adatbank.ro\/lexikon\/termek\/bocskay-miklos-remetei\/","title":{"rendered":"BOCSKAY Mikl\u00f3s, remetei"},"content":{"rendered":"<p>? \u2020\u00a0? : f\u00f6ldbirtokos. \u2013 Szatm\u00e1rmegyei f\u0151isp\u00e1n \u00e9s kapit\u00e1ny. B\u00e1thori G\u00e1bor z\u00e1logba adta 36 ezer arany forintban G\u00f6rg\u00e9ny v\u00e1r\u00e1t a hozz\u00e1tartoz\u00f3kkal, a pusk\u00e1s gyalogosokkal \u00e9s Remet\u00e9vel \u00e9s Dem\u00e9nyh\u00e1z\u00e1val (1608. szept. 20.). Majd a fejedelem kiegyezett vele \u00e9s visszavette a v\u00e1rat (1615. dec. 18.). <br \/><strong>Irod.:<\/strong> Jakab; P\u00e1lmay<\/br><\/p>\n","protected":false},"excerpt":{"rendered":"<p>? \u2020\u00a0? : f\u00f6ldbirtokos. \u2013 Szatm\u00e1rmegyei f\u0151isp\u00e1n \u00e9s kapit\u00e1ny. B\u00e1thori G\u00e1bor z\u00e1logba adta 36 ezer arany forintban G\u00f6rg\u00e9ny v\u00e1r\u00e1t a hozz\u00e1tartoz\u00f3kkal, a pusk\u00e1s gyalogosokkal \u00e9s Remet\u00e9vel \u00e9s Dem\u00e9nyh\u00e1z\u00e1val (1608. szept. 20.). Majd a fejedelem kiegyezett vele \u00e9s visszavette a v\u00e1rat (1615. dec. 18.). Irod.: Jakab; P\u00e1lmay<\/p>\n","protected":false},"featured_media":0,"comment_status":"open","ping_status":"closed","template":"","meta":[],"product_brand":[],"product_cat":[137],"product_tag":[],"class_list":{"0":"post-4901","1":"product","2":"type-product","3":"status-publish","5":"product_cat-maros-megyei-eletrajzi-lexikon","7":"first","8":"instock","9":"shipping-taxable","10":"product-type-simple"},"_links":{"self":[{"href":"https:\/\/uj.adatbank.ro\/lexikon\/wp-json\/wp\/v2\/product\/4901","targetHints":{"allow":["GET"]}}],"collection":[{"href":"https:\/\/uj.adatbank.ro\/lexikon\/wp-json\/wp\/v2\/product"}],"about":[{"href":"https:\/\/uj.adatbank.ro\/lexikon\/wp-json\/wp\/v2\/types\/product"}],"replies":[{"embeddable":true,"href":"https:\/\/uj.adatbank.ro\/lexikon\/wp-json\/wp\/v2\/comments?post=4901"}],"wp:attachment":[{"href":"https:\/\/uj.adatbank.ro\/lexikon\/wp-json\/wp\/v2\/media?parent=4901"}],"wp:term":[{"taxonomy":"product_brand","embeddable":true,"href":"https:\/\/uj.adatbank.ro\/lexikon\/wp-json\/wp\/v2\/product_brand?post=4901"},{"taxonomy":"product_cat","embeddable":true,"href":"https:\/\/uj.adatbank.ro\/lexikon\/wp-json\/wp\/v2\/product_cat?post=4901"},{"taxonomy":"product_tag","embeddable":true,"href":"https:\/\/uj.adatbank.ro\/lexikon\/wp-json\/wp\/v2\/product_tag?post=4901"}],"curies":[{"name":"wp","href":"https:\/\/api.w.org\/{rel}","templated":true}]}}