{"id":4902,"date":"2025-06-28T16:56:56","date_gmt":"2025-06-28T14:56:56","guid":{"rendered":"https:\/\/uj.adatbank.ro\/lexikon\/termek\/bocskor-adam-ferenc-p\/"},"modified":"2025-06-28T16:56:56","modified_gmt":"2025-06-28T14:56:56","slug":"bocskor-adam-ferenc-p","status":"publish","type":"product","link":"https:\/\/uj.adatbank.ro\/lexikon\/termek\/bocskor-adam-ferenc-p\/","title":{"rendered":"BOCSKOR \u00c1d\u00e1m Ferenc, P."},"content":{"rendered":"<p>Cs\u00edkszentl\u00e9lek, 1737., \u2020 Segesv\u00e1r, 1813. jan. 31.: r. k. szerzetes. \u2013 Apja Cs\u00edkszentl\u00e9leki Bocskor J\u00e1nos, a Bocskor-\u00adk\u00f3dex n\u00e9ven ismert k\u00e9zirat szerz\u0151je. \u2013 Az eredetileg Ferenc nevet viselte, Bocskor \u00c1d\u00e1m n\u00e9ven lett ferences szerzetes (1756. okt. 11.), papp\u00e1 szentelt\u00e9k (1762). Cs\u00edksomly\u00f3n tan\u00edtott (1769), ahol a tan\u00edtv\u00e1nyaival passi\u00f3j\u00e1t\u00e9kot adatott el\u0151, melynek val\u00f3sz\u00edn\u0171 a szerz\u0151je is volt. Neve k\u00f6nyvgy\u0171jt\u0151k\u00e9nt \u00e9s egy egyh\u00e1zi vitairat szerz\u0151jek\u00e9nt is ismert. K\u00fcl\u00f6nb\u00f6z\u0151 helyeken volt h\u00e1zf\u0151n\u00f6k: Segesv\u00e1ron (1775\u201377); Torock\u00f3szentgy\u00f6rgy\u00f6n (1800\u201301); Sz\u00e1szsebesen (1804\u201305); Gyulafeh\u00e9rv\u00e1ron (1806). Pl\u00e9b\u00e1nos Magyarzs\u00e1kodon (1795\u2013); Fels\u0151t\u00f6m\u00f6s\u00f6n (1807\u201308), Brass\u00f3ban (1812\u2013). El\u0151kel\u0151 csal\u00e1dok h\u00e1zik\u00e1pl\u00e1nja: Somogyomban G\u00e1l J\u00e1nos korm\u00e1nyz\u00f3i tan\u00e1csosn\u00e1l (1788): gr. Bethlen Mikl\u00f3sn\u00e1l K\u00fck\u00fcll\u0151v\u00e1ron (1792\u201394); br. J\u00f3sika Imr\u00e9n\u00e9n\u00e9l Kisfenesen (1797\u201399). \u2013 <strong>F. m.:<\/strong> Assertiones canonico- juridicae ex libro III. decretalium Gregorii papae IX. (Cibini, 1761). <br \/><strong>Irod.:<\/strong> Gy\u00f6rgy: A ferencrendiek; Wikipedia<\/br><\/p>\n","protected":false},"excerpt":{"rendered":"<p>Cs\u00edkszentl\u00e9lek, 1737., \u2020 Segesv\u00e1r, 1813. jan. 31.: r. k. szerzetes. \u2013 Apja Cs\u00edkszentl\u00e9leki Bocskor J\u00e1nos, a Bocskor-\u00adk\u00f3dex n\u00e9ven ismert k\u00e9zirat szerz\u0151je. \u2013 Az eredetileg Ferenc nevet viselte, Bocskor \u00c1d\u00e1m n\u00e9ven lett ferences szerzetes (1756. okt. 11.), papp\u00e1 szentelt\u00e9k (1762). Cs\u00edksomly\u00f3n tan\u00edtott (1769), ahol a tan\u00edtv\u00e1nyaival passi\u00f3j\u00e1t\u00e9kot adatott el\u0151, melynek val\u00f3sz\u00edn\u0171 a szerz\u0151je is volt. Neve [&hellip;]<\/p>\n","protected":false},"featured_media":0,"comment_status":"open","ping_status":"closed","template":"","meta":[],"product_brand":[],"product_cat":[137],"product_tag":[],"class_list":{"0":"post-4902","1":"product","2":"type-product","3":"status-publish","5":"product_cat-maros-megyei-eletrajzi-lexikon","7":"first","8":"instock","9":"shipping-taxable","10":"product-type-simple"},"_links":{"self":[{"href":"https:\/\/uj.adatbank.ro\/lexikon\/wp-json\/wp\/v2\/product\/4902","targetHints":{"allow":["GET"]}}],"collection":[{"href":"https:\/\/uj.adatbank.ro\/lexikon\/wp-json\/wp\/v2\/product"}],"about":[{"href":"https:\/\/uj.adatbank.ro\/lexikon\/wp-json\/wp\/v2\/types\/product"}],"replies":[{"embeddable":true,"href":"https:\/\/uj.adatbank.ro\/lexikon\/wp-json\/wp\/v2\/comments?post=4902"}],"wp:attachment":[{"href":"https:\/\/uj.adatbank.ro\/lexikon\/wp-json\/wp\/v2\/media?parent=4902"}],"wp:term":[{"taxonomy":"product_brand","embeddable":true,"href":"https:\/\/uj.adatbank.ro\/lexikon\/wp-json\/wp\/v2\/product_brand?post=4902"},{"taxonomy":"product_cat","embeddable":true,"href":"https:\/\/uj.adatbank.ro\/lexikon\/wp-json\/wp\/v2\/product_cat?post=4902"},{"taxonomy":"product_tag","embeddable":true,"href":"https:\/\/uj.adatbank.ro\/lexikon\/wp-json\/wp\/v2\/product_tag?post=4902"}],"curies":[{"name":"wp","href":"https:\/\/api.w.org\/{rel}","templated":true}]}}