{"id":4907,"date":"2025-06-28T16:57:04","date_gmt":"2025-06-28T14:57:04","guid":{"rendered":"https:\/\/uj.adatbank.ro\/lexikon\/termek\/bocskor-lajos\/"},"modified":"2025-06-28T16:57:04","modified_gmt":"2025-06-28T14:57:04","slug":"bocskor-lajos","status":"publish","type":"product","link":"https:\/\/uj.adatbank.ro\/lexikon\/termek\/bocskor-lajos\/","title":{"rendered":"BOCSKOR Lajos"},"content":{"rendered":"<p>1774. dec. 3., \u2020 1846. j\u00fal. 4.: r. k. pap. \u2013 Papp\u00e1 szentelt\u00e9k (1801. \u00e1pr. 4.). K\u00e1pl\u00e1n Kv.-on, ker\u00fclet jegyz\u0151 (1803). Pl\u00e9b\u00e1nos Jobb\u00e1gytelk\u00e9n (1806\u201317, 1836\u201346), ahol meghonos\u00edtotta a szalmakalapfon\u00e1st, ez\u00e1ltal lett h\u00edres Jobb\u00e1gytelke. Gyergy\u00f3remet\u00e9n pl\u00e9b\u00e1nos (1817\u201326). Alesperes \u00e9s szentsz\u00e9ki \u00fcln\u00f6k (1826\u201336). <br \/><strong>Irod.:<\/strong> Eml\u00e9kk\u00f6nyv a jobb\u00e1gytelki iskola \u00e9vfordul\u00f3j\u00e1ra; Ferenczi S\u00e1ndor 2009<\/br><\/p>\n","protected":false},"excerpt":{"rendered":"<p>1774. dec. 3., \u2020 1846. j\u00fal. 4.: r. k. pap. \u2013 Papp\u00e1 szentelt\u00e9k (1801. \u00e1pr. 4.). K\u00e1pl\u00e1n Kv.-on, ker\u00fclet jegyz\u0151 (1803). Pl\u00e9b\u00e1nos Jobb\u00e1gytelk\u00e9n (1806\u201317, 1836\u201346), ahol meghonos\u00edtotta a szalmakalapfon\u00e1st, ez\u00e1ltal lett h\u00edres Jobb\u00e1gytelke. Gyergy\u00f3remet\u00e9n pl\u00e9b\u00e1nos (1817\u201326). Alesperes \u00e9s szentsz\u00e9ki \u00fcln\u00f6k (1826\u201336). Irod.: Eml\u00e9kk\u00f6nyv a jobb\u00e1gytelki iskola \u00e9vfordul\u00f3j\u00e1ra; Ferenczi S\u00e1ndor 2009<\/p>\n","protected":false},"featured_media":0,"comment_status":"open","ping_status":"closed","template":"","meta":[],"product_brand":[],"product_cat":[137],"product_tag":[],"class_list":{"0":"post-4907","1":"product","2":"type-product","3":"status-publish","5":"product_cat-maros-megyei-eletrajzi-lexikon","7":"first","8":"instock","9":"shipping-taxable","10":"product-type-simple"},"_links":{"self":[{"href":"https:\/\/uj.adatbank.ro\/lexikon\/wp-json\/wp\/v2\/product\/4907","targetHints":{"allow":["GET"]}}],"collection":[{"href":"https:\/\/uj.adatbank.ro\/lexikon\/wp-json\/wp\/v2\/product"}],"about":[{"href":"https:\/\/uj.adatbank.ro\/lexikon\/wp-json\/wp\/v2\/types\/product"}],"replies":[{"embeddable":true,"href":"https:\/\/uj.adatbank.ro\/lexikon\/wp-json\/wp\/v2\/comments?post=4907"}],"wp:attachment":[{"href":"https:\/\/uj.adatbank.ro\/lexikon\/wp-json\/wp\/v2\/media?parent=4907"}],"wp:term":[{"taxonomy":"product_brand","embeddable":true,"href":"https:\/\/uj.adatbank.ro\/lexikon\/wp-json\/wp\/v2\/product_brand?post=4907"},{"taxonomy":"product_cat","embeddable":true,"href":"https:\/\/uj.adatbank.ro\/lexikon\/wp-json\/wp\/v2\/product_cat?post=4907"},{"taxonomy":"product_tag","embeddable":true,"href":"https:\/\/uj.adatbank.ro\/lexikon\/wp-json\/wp\/v2\/product_tag?post=4907"}],"curies":[{"name":"wp","href":"https:\/\/api.w.org\/{rel}","templated":true}]}}