{"id":4912,"date":"2025-06-28T16:57:13","date_gmt":"2025-06-28T14:57:13","guid":{"rendered":"https:\/\/uj.adatbank.ro\/lexikon\/termek\/bocz-elek\/"},"modified":"2025-06-28T16:57:13","modified_gmt":"2025-06-28T14:57:13","slug":"bocz-elek","status":"publish","type":"product","link":"https:\/\/uj.adatbank.ro\/lexikon\/termek\/bocz-elek\/","title":{"rendered":"BOCZ Elek"},"content":{"rendered":"<p>? \u2020\u00a0? : ref. lelk\u00e9sz. \u2013 Feles\u00e9ge: Szil\u00e1gyi Karolina. \u2013 A sz\u00e1szr\u00e9geni ref. templomot kezdem\u00e9nyez\u00e9s\u00e9re tev\u00e9kenys\u00e9ge idej\u00e9n \u00e9p\u00edtett\u00e9k (1889\u201390). Tervez\u0151je Alp\u00e1r Ign\u00e1cz, kivitelez\u0151je M\u00fcller J\u00e1nos sz\u00e1szr\u00e9geni \u00e9p\u00edt\u0151mester volt. Felszentelte Sz\u00e1sz Ferenc p\u00fcsp\u00f6k (1890 \u0151sz\u00e9n). \u00d6zvegye aj\u00e1nd\u00e9kozta a templomnak az orgon\u00e1t (1905). <br \/><strong>Irod.:<\/strong> B\u00e1lint Zsigmond 2010; M\u0171eml\u00e9kem. hu. hat\u00e1reset<\/br><\/p>\n","protected":false},"excerpt":{"rendered":"<p>? \u2020\u00a0? : ref. lelk\u00e9sz. \u2013 Feles\u00e9ge: Szil\u00e1gyi Karolina. \u2013 A sz\u00e1szr\u00e9geni ref. templomot kezdem\u00e9nyez\u00e9s\u00e9re tev\u00e9kenys\u00e9ge idej\u00e9n \u00e9p\u00edtett\u00e9k (1889\u201390). Tervez\u0151je Alp\u00e1r Ign\u00e1cz, kivitelez\u0151je M\u00fcller J\u00e1nos sz\u00e1szr\u00e9geni \u00e9p\u00edt\u0151mester volt. Felszentelte Sz\u00e1sz Ferenc p\u00fcsp\u00f6k (1890 \u0151sz\u00e9n). \u00d6zvegye aj\u00e1nd\u00e9kozta a templomnak az orgon\u00e1t (1905). Irod.: B\u00e1lint Zsigmond 2010; M\u0171eml\u00e9kem. hu. hat\u00e1reset<\/p>\n","protected":false},"featured_media":0,"comment_status":"open","ping_status":"closed","template":"","meta":[],"product_brand":[],"product_cat":[137],"product_tag":[],"class_list":{"0":"post-4912","1":"product","2":"type-product","3":"status-publish","5":"product_cat-maros-megyei-eletrajzi-lexikon","7":"first","8":"instock","9":"shipping-taxable","10":"product-type-simple"},"_links":{"self":[{"href":"https:\/\/uj.adatbank.ro\/lexikon\/wp-json\/wp\/v2\/product\/4912","targetHints":{"allow":["GET"]}}],"collection":[{"href":"https:\/\/uj.adatbank.ro\/lexikon\/wp-json\/wp\/v2\/product"}],"about":[{"href":"https:\/\/uj.adatbank.ro\/lexikon\/wp-json\/wp\/v2\/types\/product"}],"replies":[{"embeddable":true,"href":"https:\/\/uj.adatbank.ro\/lexikon\/wp-json\/wp\/v2\/comments?post=4912"}],"wp:attachment":[{"href":"https:\/\/uj.adatbank.ro\/lexikon\/wp-json\/wp\/v2\/media?parent=4912"}],"wp:term":[{"taxonomy":"product_brand","embeddable":true,"href":"https:\/\/uj.adatbank.ro\/lexikon\/wp-json\/wp\/v2\/product_brand?post=4912"},{"taxonomy":"product_cat","embeddable":true,"href":"https:\/\/uj.adatbank.ro\/lexikon\/wp-json\/wp\/v2\/product_cat?post=4912"},{"taxonomy":"product_tag","embeddable":true,"href":"https:\/\/uj.adatbank.ro\/lexikon\/wp-json\/wp\/v2\/product_tag?post=4912"}],"curies":[{"name":"wp","href":"https:\/\/api.w.org\/{rel}","templated":true}]}}