{"id":4919,"date":"2025-06-28T16:57:28","date_gmt":"2025-06-28T14:57:28","guid":{"rendered":"https:\/\/uj.adatbank.ro\/lexikon\/termek\/bod-laszlo-albisi-es-felsocsernatoni\/"},"modified":"2025-06-28T16:57:28","modified_gmt":"2025-06-28T14:57:28","slug":"bod-laszlo-albisi-es-felsocsernatoni","status":"publish","type":"product","link":"https:\/\/uj.adatbank.ro\/lexikon\/termek\/bod-laszlo-albisi-es-felsocsernatoni\/","title":{"rendered":"BOD L\u00e1szl\u00f3 albisi \u00e9s fels\u0151csern\u00e1toni"},"content":{"rendered":"<p>Szatm\u00e1rn\u00e9meti, 1901. j\u00fan. 20., \u2020\u00a0Mv., 1984. szept. 7.: f\u00f6ldbirtokos. \u2013 Feles\u00e9ge tordai Palk\u00f3 Ir\u00e9n. Gyermekei: B. Magda (1931\u2013), gyermekgy\u00f3gy\u00e1sz; B. K\u00e1roly (1932. \u2013) m\u00e9rn\u00f6k, B. L\u00e1szl\u00f3 \u00e9p\u00edt\u00e9sz (1937-Mv., 1997. m\u00e1rc. 25.). \u2013 K\u00f6z\u00e9piskol\u00e1it Szatm\u00e1ron v\u00e9gezte, \u00e9retts\u00e9gizett majd a csal\u00e1d birtok\u00e1n gazd\u00e1lkodni kezdett. Marosfelfaluban mint b\u00e9rl\u0151 m\u0171k\u00f6d\u00f6tt az \u00c9ltet\u0151 birtokon (1927\u201346). Minden nemes magtermel\u00e9ssel, teny\u00e9sz\u00e1llat nevel\u00e9ssel, f\u0151leg sert\u00e9sh\u00edzlal\u00e1ssal foglalkozott. A Gazdak\u00f6r d\u00edszeln\u00f6ke volt. Mv.-en volt a k\u00e9nyszerlakhelye (1949. m\u00e1rc. 3\u2013), alakalmi munk\u00e1b\u00f3l tartotta el a csal\u00e1dot, majd a mv.-i Oxig\u00e9ngz\u00e1rban dolgozott nyugd\u00edjaz\u00e1s\u00e1ig. A mv.- i V\u00e1rtemplom presbitere. <br \/><strong>Irod.:<\/strong> csal\u00e1di inf.; Sz\u00e9kelyf\u00f6ld \u00ed. k<\/br><\/p>\n","protected":false},"excerpt":{"rendered":"<p>Szatm\u00e1rn\u00e9meti, 1901. j\u00fan. 20., \u2020\u00a0Mv., 1984. szept. 7.: f\u00f6ldbirtokos. \u2013 Feles\u00e9ge tordai Palk\u00f3 Ir\u00e9n. Gyermekei: B. Magda (1931\u2013), gyermekgy\u00f3gy\u00e1sz; B. K\u00e1roly (1932. \u2013) m\u00e9rn\u00f6k, B. L\u00e1szl\u00f3 \u00e9p\u00edt\u00e9sz (1937-Mv., 1997. m\u00e1rc. 25.). \u2013 K\u00f6z\u00e9piskol\u00e1it Szatm\u00e1ron v\u00e9gezte, \u00e9retts\u00e9gizett majd a csal\u00e1d birtok\u00e1n gazd\u00e1lkodni kezdett. Marosfelfaluban mint b\u00e9rl\u0151 m\u0171k\u00f6d\u00f6tt az \u00c9ltet\u0151 birtokon (1927\u201346). Minden nemes magtermel\u00e9ssel, teny\u00e9sz\u00e1llat nevel\u00e9ssel, [&hellip;]<\/p>\n","protected":false},"featured_media":0,"comment_status":"open","ping_status":"closed","template":"","meta":[],"product_brand":[],"product_cat":[137],"product_tag":[],"class_list":{"0":"post-4919","1":"product","2":"type-product","3":"status-publish","5":"product_cat-maros-megyei-eletrajzi-lexikon","7":"first","8":"instock","9":"shipping-taxable","10":"product-type-simple"},"_links":{"self":[{"href":"https:\/\/uj.adatbank.ro\/lexikon\/wp-json\/wp\/v2\/product\/4919","targetHints":{"allow":["GET"]}}],"collection":[{"href":"https:\/\/uj.adatbank.ro\/lexikon\/wp-json\/wp\/v2\/product"}],"about":[{"href":"https:\/\/uj.adatbank.ro\/lexikon\/wp-json\/wp\/v2\/types\/product"}],"replies":[{"embeddable":true,"href":"https:\/\/uj.adatbank.ro\/lexikon\/wp-json\/wp\/v2\/comments?post=4919"}],"wp:attachment":[{"href":"https:\/\/uj.adatbank.ro\/lexikon\/wp-json\/wp\/v2\/media?parent=4919"}],"wp:term":[{"taxonomy":"product_brand","embeddable":true,"href":"https:\/\/uj.adatbank.ro\/lexikon\/wp-json\/wp\/v2\/product_brand?post=4919"},{"taxonomy":"product_cat","embeddable":true,"href":"https:\/\/uj.adatbank.ro\/lexikon\/wp-json\/wp\/v2\/product_cat?post=4919"},{"taxonomy":"product_tag","embeddable":true,"href":"https:\/\/uj.adatbank.ro\/lexikon\/wp-json\/wp\/v2\/product_tag?post=4919"}],"curies":[{"name":"wp","href":"https:\/\/api.w.org\/{rel}","templated":true}]}}