{"id":4922,"date":"2025-06-28T16:57:33","date_gmt":"2025-06-28T14:57:33","guid":{"rendered":"https:\/\/uj.adatbank.ro\/lexikon\/termek\/bod-samuel-abisi\/"},"modified":"2025-06-28T16:57:33","modified_gmt":"2025-06-28T14:57:33","slug":"bod-samuel-abisi","status":"publish","type":"product","link":"https:\/\/uj.adatbank.ro\/lexikon\/termek\/bod-samuel-abisi\/","title":{"rendered":"BOD S\u00e1muel, abisi"},"content":{"rendered":"<p>Ny\u00e1r\u00e1dszereda, 1747., \u2020 Bonyha, 1847. jan. 6.: ref. lelk\u00e9sz. \u2013 Fia: P\u00e9ter (sz. 1789), a k\u00e9s\u0151bbi tud\u00f3s, Bethlen Ferenc mag\u00e1ntan\u00edt\u00f3ja. \u2013 Elemi iskol\u00e1t sz\u00fcl\u0151faluj\u00e1ban v\u00e9gezte, majd a mv.-i Ref. Koll. tanul\u00f3ja lett. N\u00e9gy \u00e9vi levita paps\u00e1ga ut\u00e1n a s\u00e1rdi zsinaton tette le a papi vizsg\u00e1t (1783) \u00e9s felszentelt\u00e9k. A bonyhai gy\u00fclekezet megh\u00edvta lelk\u00e9sznek, 67 \u00e9vet szolg\u00e1lt (1779\u20131846). Szolg\u00e1lat\u00e1nak els\u0151 n\u00e9gy \u00e9v\u00e9ben levita volt. Hetven \u00e9ves kora ut\u00e1n helyeztek mell\u00e9je seg\u00e9dlelk\u00e9szt, Borosnyai Luk\u00e1cs Simont. Nyugalomba vonult (1842), \u00e9s bern\u00e1di csal\u00e1di birtok\u00e1n telepedett le. Tudott heged\u0171ket k\u00e9sz\u00edteni, heged\u00fclni, cimbalmozni, t\u00e1ncolni, festeni. Ismerte a madarakat, kit\u0171n\u0151 kert\u00e9sz volt. <br \/><strong>Irod.:<\/strong> Bonyha \u00e9s egyh\u00e1za; Fogarasi; K\u00fck\u00fcll\u0151i Ref. Egyh\u00e1zm. 1.<\/br><\/p>\n","protected":false},"excerpt":{"rendered":"<p>Ny\u00e1r\u00e1dszereda, 1747., \u2020 Bonyha, 1847. jan. 6.: ref. lelk\u00e9sz. \u2013 Fia: P\u00e9ter (sz. 1789), a k\u00e9s\u0151bbi tud\u00f3s, Bethlen Ferenc mag\u00e1ntan\u00edt\u00f3ja. \u2013 Elemi iskol\u00e1t sz\u00fcl\u0151faluj\u00e1ban v\u00e9gezte, majd a mv.-i Ref. Koll. tanul\u00f3ja lett. N\u00e9gy \u00e9vi levita paps\u00e1ga ut\u00e1n a s\u00e1rdi zsinaton tette le a papi vizsg\u00e1t (1783) \u00e9s felszentelt\u00e9k. A bonyhai gy\u00fclekezet megh\u00edvta lelk\u00e9sznek, 67 \u00e9vet [&hellip;]<\/p>\n","protected":false},"featured_media":0,"comment_status":"open","ping_status":"closed","template":"","meta":[],"product_brand":[],"product_cat":[137],"product_tag":[],"class_list":{"0":"post-4922","1":"product","2":"type-product","3":"status-publish","5":"product_cat-maros-megyei-eletrajzi-lexikon","7":"first","8":"instock","9":"shipping-taxable","10":"product-type-simple"},"_links":{"self":[{"href":"https:\/\/uj.adatbank.ro\/lexikon\/wp-json\/wp\/v2\/product\/4922","targetHints":{"allow":["GET"]}}],"collection":[{"href":"https:\/\/uj.adatbank.ro\/lexikon\/wp-json\/wp\/v2\/product"}],"about":[{"href":"https:\/\/uj.adatbank.ro\/lexikon\/wp-json\/wp\/v2\/types\/product"}],"replies":[{"embeddable":true,"href":"https:\/\/uj.adatbank.ro\/lexikon\/wp-json\/wp\/v2\/comments?post=4922"}],"wp:attachment":[{"href":"https:\/\/uj.adatbank.ro\/lexikon\/wp-json\/wp\/v2\/media?parent=4922"}],"wp:term":[{"taxonomy":"product_brand","embeddable":true,"href":"https:\/\/uj.adatbank.ro\/lexikon\/wp-json\/wp\/v2\/product_brand?post=4922"},{"taxonomy":"product_cat","embeddable":true,"href":"https:\/\/uj.adatbank.ro\/lexikon\/wp-json\/wp\/v2\/product_cat?post=4922"},{"taxonomy":"product_tag","embeddable":true,"href":"https:\/\/uj.adatbank.ro\/lexikon\/wp-json\/wp\/v2\/product_tag?post=4922"}],"curies":[{"name":"wp","href":"https:\/\/api.w.org\/{rel}","templated":true}]}}