{"id":4923,"date":"2025-06-28T16:57:36","date_gmt":"2025-06-28T14:57:36","guid":{"rendered":"https:\/\/uj.adatbank.ro\/lexikon\/termek\/bod-sandor\/"},"modified":"2025-06-28T16:57:36","modified_gmt":"2025-06-28T14:57:36","slug":"bod-sandor","status":"publish","type":"product","link":"https:\/\/uj.adatbank.ro\/lexikon\/termek\/bod-sandor\/","title":{"rendered":"BOD S\u00e1ndor"},"content":{"rendered":"<p>? \u2020\u00a0? : f\u0151\u00fcgy\u00e9sz. \u2013 Feles\u00e9ge: jobb\u00e1gytelki Tolvaly Erzs\u00e9bet (1905.?-Vajdaszentiv\u00e1ny, 1933. febr. 1.). Gyermekeik: S\u00e1ndor, Erzs\u00e9bet. \u2013 A ref. egyh\u00e1zk\u00f6zs\u00e9g f\u0151gondnoka Nagy Samu ut\u00e1n, lemondott (1904), hely\u00e9be Bern\u00e1dy Gy\u00f6rgy ker\u00fclt. <br \/><strong>Irod.:<\/strong> Farcz\u00e1dy, Gy\u00e1szjelent\u0151<\/br><\/p>\n","protected":false},"excerpt":{"rendered":"<p>? \u2020\u00a0? : f\u0151\u00fcgy\u00e9sz. \u2013 Feles\u00e9ge: jobb\u00e1gytelki Tolvaly Erzs\u00e9bet (1905.?-Vajdaszentiv\u00e1ny, 1933. febr. 1.). Gyermekeik: S\u00e1ndor, Erzs\u00e9bet. \u2013 A ref. egyh\u00e1zk\u00f6zs\u00e9g f\u0151gondnoka Nagy Samu ut\u00e1n, lemondott (1904), hely\u00e9be Bern\u00e1dy Gy\u00f6rgy ker\u00fclt. Irod.: Farcz\u00e1dy, Gy\u00e1szjelent\u0151<\/p>\n","protected":false},"featured_media":0,"comment_status":"open","ping_status":"closed","template":"","meta":[],"product_brand":[],"product_cat":[137],"product_tag":[],"class_list":{"0":"post-4923","1":"product","2":"type-product","3":"status-publish","5":"product_cat-maros-megyei-eletrajzi-lexikon","7":"first","8":"instock","9":"shipping-taxable","10":"product-type-simple"},"_links":{"self":[{"href":"https:\/\/uj.adatbank.ro\/lexikon\/wp-json\/wp\/v2\/product\/4923","targetHints":{"allow":["GET"]}}],"collection":[{"href":"https:\/\/uj.adatbank.ro\/lexikon\/wp-json\/wp\/v2\/product"}],"about":[{"href":"https:\/\/uj.adatbank.ro\/lexikon\/wp-json\/wp\/v2\/types\/product"}],"replies":[{"embeddable":true,"href":"https:\/\/uj.adatbank.ro\/lexikon\/wp-json\/wp\/v2\/comments?post=4923"}],"wp:attachment":[{"href":"https:\/\/uj.adatbank.ro\/lexikon\/wp-json\/wp\/v2\/media?parent=4923"}],"wp:term":[{"taxonomy":"product_brand","embeddable":true,"href":"https:\/\/uj.adatbank.ro\/lexikon\/wp-json\/wp\/v2\/product_brand?post=4923"},{"taxonomy":"product_cat","embeddable":true,"href":"https:\/\/uj.adatbank.ro\/lexikon\/wp-json\/wp\/v2\/product_cat?post=4923"},{"taxonomy":"product_tag","embeddable":true,"href":"https:\/\/uj.adatbank.ro\/lexikon\/wp-json\/wp\/v2\/product_tag?post=4923"}],"curies":[{"name":"wp","href":"https:\/\/api.w.org\/{rel}","templated":true}]}}