{"id":4924,"date":"2025-06-28T16:57:38","date_gmt":"2025-06-28T14:57:38","guid":{"rendered":"https:\/\/uj.adatbank.ro\/lexikon\/termek\/bod-sandor-peter-%c2%a7\/"},"modified":"2025-06-28T16:57:38","modified_gmt":"2025-06-28T14:57:38","slug":"bod-sandor-peter-%c2%a7","status":"publish","type":"product","link":"https:\/\/uj.adatbank.ro\/lexikon\/termek\/bod-sandor-peter-%c2%a7\/","title":{"rendered":"BOD S\u00e1ndor P\u00e9ter, \u00a7"},"content":{"rendered":"<p>Vajdaszentiv\u00e1ny, 1926. m\u00e1rc. 29., \u2020 Mv., 2000. nov. 24.: ortop\u00e9d f\u0151orvos, traumatol\u00f3gus. \u2013 Tanult a mv.-i Ref. Koll.-ban (1945), majd orvosi diplom\u00e1t szerzett a MOGYI-n (1951). P\u00e1lyafut\u00e1s\u00e1t el\u0151bb a a MOGYI-n Seb\u00e9szeti M\u0171t\u00e9ttani Tansz\u00e9k, k\u00e9s\u0151bb az Anat\u00f3mia katedr\u00e1n gyakornok, majd asszisztens (1950\u201357); ortop\u00e9d szakorvos, f\u0151orvos az Ortop\u00e9diai Klinik\u00e1n (1971\u201392 ). Az Orvost\u00f6rt\u00e9neti T\u00e1rsas\u00e1g (1957\u2013) \u00e9s az Osztr\u00e1k Balesetseb\u00e9szeti T\u00e1rsas\u00e1g (1969\u2013) tagja. Cikkeit k\u00f6z\u00f6lte a Minerva Medica, Morfologia normal\u0103 \u015fi patologic\u0103, Springer Verlag. \u2013 <strong>F. m.:<\/strong> <strong>t\u00e1rssz.:<\/strong> Embriol\u00f3gia (Mv., 1951); Seb\u00e9szeti m\u0171t\u00e9ttan (Mv., 1958). <br \/><strong>Irod.:<\/strong> Gy\u00e1rf\u00e1s 2013; Gy\u00e1rf\u00e1s L. Mikl\u00f3s: Dr. B. S. (V. Z., 1981. \u00e1pr. 19.); KKACs; Barab\u00e1s-P\u00e9ter M.-P\u00e9ter H. M.; Sz\u00f6ll\u0151si 2009; Todea\u2013F\u00fcl\u00f6p\u2013Avram<\/br><\/p>\n","protected":false},"excerpt":{"rendered":"<p>Vajdaszentiv\u00e1ny, 1926. m\u00e1rc. 29., \u2020 Mv., 2000. nov. 24.: ortop\u00e9d f\u0151orvos, traumatol\u00f3gus. \u2013 Tanult a mv.-i Ref. Koll.-ban (1945), majd orvosi diplom\u00e1t szerzett a MOGYI-n (1951). P\u00e1lyafut\u00e1s\u00e1t el\u0151bb a a MOGYI-n Seb\u00e9szeti M\u0171t\u00e9ttani Tansz\u00e9k, k\u00e9s\u0151bb az Anat\u00f3mia katedr\u00e1n gyakornok, majd asszisztens (1950\u201357); ortop\u00e9d szakorvos, f\u0151orvos az Ortop\u00e9diai Klinik\u00e1n (1971\u201392 ). Az Orvost\u00f6rt\u00e9neti T\u00e1rsas\u00e1g (1957\u2013) \u00e9s [&hellip;]<\/p>\n","protected":false},"featured_media":0,"comment_status":"open","ping_status":"closed","template":"","meta":[],"product_brand":[],"product_cat":[137],"product_tag":[],"class_list":{"0":"post-4924","1":"product","2":"type-product","3":"status-publish","5":"product_cat-maros-megyei-eletrajzi-lexikon","7":"first","8":"instock","9":"shipping-taxable","10":"product-type-simple"},"_links":{"self":[{"href":"https:\/\/uj.adatbank.ro\/lexikon\/wp-json\/wp\/v2\/product\/4924","targetHints":{"allow":["GET"]}}],"collection":[{"href":"https:\/\/uj.adatbank.ro\/lexikon\/wp-json\/wp\/v2\/product"}],"about":[{"href":"https:\/\/uj.adatbank.ro\/lexikon\/wp-json\/wp\/v2\/types\/product"}],"replies":[{"embeddable":true,"href":"https:\/\/uj.adatbank.ro\/lexikon\/wp-json\/wp\/v2\/comments?post=4924"}],"wp:attachment":[{"href":"https:\/\/uj.adatbank.ro\/lexikon\/wp-json\/wp\/v2\/media?parent=4924"}],"wp:term":[{"taxonomy":"product_brand","embeddable":true,"href":"https:\/\/uj.adatbank.ro\/lexikon\/wp-json\/wp\/v2\/product_brand?post=4924"},{"taxonomy":"product_cat","embeddable":true,"href":"https:\/\/uj.adatbank.ro\/lexikon\/wp-json\/wp\/v2\/product_cat?post=4924"},{"taxonomy":"product_tag","embeddable":true,"href":"https:\/\/uj.adatbank.ro\/lexikon\/wp-json\/wp\/v2\/product_tag?post=4924"}],"curies":[{"name":"wp","href":"https:\/\/api.w.org\/{rel}","templated":true}]}}