{"id":4925,"date":"2025-06-28T16:57:39","date_gmt":"2025-06-28T14:57:39","guid":{"rendered":"https:\/\/uj.adatbank.ro\/lexikon\/termek\/bod-sandor-abisi\/"},"modified":"2025-06-28T16:57:39","modified_gmt":"2025-06-28T14:57:39","slug":"bod-sandor-abisi","status":"publish","type":"product","link":"https:\/\/uj.adatbank.ro\/lexikon\/termek\/bod-sandor-abisi\/","title":{"rendered":"BOD S\u00e1ndor, abisi"},"content":{"rendered":"<p>1744., \u2020 G\u00f6rg\u00e9nyszentimre, 1821. nov. 19.: ref. lelk\u00e9sz. \u2013 Feles\u00e9ge Kelemen M\u00e1ria. \u2013 Kv.-on subscrib\u00e1lt (1763 v. 1764), a marosv\u00e9csi zsinaton szentelt\u00e9k fel (1773). Kolozsnagyida (1773\u201379), Dedr\u00e1dsz\u00e9plakon szolg\u00e1lt (1794\u20131806), Szentgeric\u00e9n (1804\u20131807) majd hal\u00e1l\u00e1ig G\u00f6rg\u00e9nyszentimr\u00e9n lelkip\u00e1sztor (1806\u20131821. nov. 19.). <br \/><strong>Irod.:<\/strong> Imreh Barna; \u0150sz<\/br><\/p>\n","protected":false},"excerpt":{"rendered":"<p>1744., \u2020 G\u00f6rg\u00e9nyszentimre, 1821. nov. 19.: ref. lelk\u00e9sz. \u2013 Feles\u00e9ge Kelemen M\u00e1ria. \u2013 Kv.-on subscrib\u00e1lt (1763 v. 1764), a marosv\u00e9csi zsinaton szentelt\u00e9k fel (1773). Kolozsnagyida (1773\u201379), Dedr\u00e1dsz\u00e9plakon szolg\u00e1lt (1794\u20131806), Szentgeric\u00e9n (1804\u20131807) majd hal\u00e1l\u00e1ig G\u00f6rg\u00e9nyszentimr\u00e9n lelkip\u00e1sztor (1806\u20131821. nov. 19.). Irod.: Imreh Barna; \u0150sz<\/p>\n","protected":false},"featured_media":0,"comment_status":"open","ping_status":"closed","template":"","meta":[],"product_brand":[],"product_cat":[137],"product_tag":[],"class_list":{"0":"post-4925","1":"product","2":"type-product","3":"status-publish","5":"product_cat-maros-megyei-eletrajzi-lexikon","7":"first","8":"instock","9":"shipping-taxable","10":"product-type-simple"},"_links":{"self":[{"href":"https:\/\/uj.adatbank.ro\/lexikon\/wp-json\/wp\/v2\/product\/4925","targetHints":{"allow":["GET"]}}],"collection":[{"href":"https:\/\/uj.adatbank.ro\/lexikon\/wp-json\/wp\/v2\/product"}],"about":[{"href":"https:\/\/uj.adatbank.ro\/lexikon\/wp-json\/wp\/v2\/types\/product"}],"replies":[{"embeddable":true,"href":"https:\/\/uj.adatbank.ro\/lexikon\/wp-json\/wp\/v2\/comments?post=4925"}],"wp:attachment":[{"href":"https:\/\/uj.adatbank.ro\/lexikon\/wp-json\/wp\/v2\/media?parent=4925"}],"wp:term":[{"taxonomy":"product_brand","embeddable":true,"href":"https:\/\/uj.adatbank.ro\/lexikon\/wp-json\/wp\/v2\/product_brand?post=4925"},{"taxonomy":"product_cat","embeddable":true,"href":"https:\/\/uj.adatbank.ro\/lexikon\/wp-json\/wp\/v2\/product_cat?post=4925"},{"taxonomy":"product_tag","embeddable":true,"href":"https:\/\/uj.adatbank.ro\/lexikon\/wp-json\/wp\/v2\/product_tag?post=4925"}],"curies":[{"name":"wp","href":"https:\/\/api.w.org\/{rel}","templated":true}]}}