{"id":4929,"date":"2025-06-28T16:57:48","date_gmt":"2025-06-28T14:57:48","guid":{"rendered":"https:\/\/uj.adatbank.ro\/lexikon\/termek\/boda-ferenc\/"},"modified":"2025-06-28T16:57:48","modified_gmt":"2025-06-28T14:57:48","slug":"boda-ferenc","status":"publish","type":"product","link":"https:\/\/uj.adatbank.ro\/lexikon\/termek\/boda-ferenc\/","title":{"rendered":"BODA Ferenc"},"content":{"rendered":"<p>Arad, 1929. okt. 6., \u2020 Mv., 2000. aug. 17.: tan\u00e1r. \u2013 Matematika-fizika szakot v\u00e9gzett Kv.-on. Tan\u00e1r Mv.-en. Mint r\u00e1di\u00f3amat\u00f6r ad\u00f3enged\u00e9lyt kapott (1956. okt.), kb. 10. 000 \u00f6sszek\u00f6tet\u00e9se volt, k\u00f6zel 7000 emberrel 137 orsz\u00e1gb\u00f3l. <br \/><strong>Irod.:<\/strong> MMK.; [Nekrol\u00f3g] (N\u00fa., 2000. aug, 19))<\/br><\/p>\n","protected":false},"excerpt":{"rendered":"<p>Arad, 1929. okt. 6., \u2020 Mv., 2000. aug. 17.: tan\u00e1r. \u2013 Matematika-fizika szakot v\u00e9gzett Kv.-on. Tan\u00e1r Mv.-en. Mint r\u00e1di\u00f3amat\u00f6r ad\u00f3enged\u00e9lyt kapott (1956. okt.), kb. 10. 000 \u00f6sszek\u00f6tet\u00e9se volt, k\u00f6zel 7000 emberrel 137 orsz\u00e1gb\u00f3l. Irod.: MMK.; [Nekrol\u00f3g] (N\u00fa., 2000. aug, 19))<\/p>\n","protected":false},"featured_media":0,"comment_status":"open","ping_status":"closed","template":"","meta":[],"product_brand":[],"product_cat":[137],"product_tag":[],"class_list":{"0":"post-4929","1":"product","2":"type-product","3":"status-publish","5":"product_cat-maros-megyei-eletrajzi-lexikon","7":"first","8":"instock","9":"shipping-taxable","10":"product-type-simple"},"_links":{"self":[{"href":"https:\/\/uj.adatbank.ro\/lexikon\/wp-json\/wp\/v2\/product\/4929","targetHints":{"allow":["GET"]}}],"collection":[{"href":"https:\/\/uj.adatbank.ro\/lexikon\/wp-json\/wp\/v2\/product"}],"about":[{"href":"https:\/\/uj.adatbank.ro\/lexikon\/wp-json\/wp\/v2\/types\/product"}],"replies":[{"embeddable":true,"href":"https:\/\/uj.adatbank.ro\/lexikon\/wp-json\/wp\/v2\/comments?post=4929"}],"wp:attachment":[{"href":"https:\/\/uj.adatbank.ro\/lexikon\/wp-json\/wp\/v2\/media?parent=4929"}],"wp:term":[{"taxonomy":"product_brand","embeddable":true,"href":"https:\/\/uj.adatbank.ro\/lexikon\/wp-json\/wp\/v2\/product_brand?post=4929"},{"taxonomy":"product_cat","embeddable":true,"href":"https:\/\/uj.adatbank.ro\/lexikon\/wp-json\/wp\/v2\/product_cat?post=4929"},{"taxonomy":"product_tag","embeddable":true,"href":"https:\/\/uj.adatbank.ro\/lexikon\/wp-json\/wp\/v2\/product_tag?post=4929"}],"curies":[{"name":"wp","href":"https:\/\/api.w.org\/{rel}","templated":true}]}}