{"id":4930,"date":"2025-06-28T16:57:49","date_gmt":"2025-06-28T14:57:49","guid":{"rendered":"https:\/\/uj.adatbank.ro\/lexikon\/termek\/boda-hektor\/"},"modified":"2025-06-28T16:57:49","modified_gmt":"2025-06-28T14:57:49","slug":"boda-hektor","status":"publish","type":"product","link":"https:\/\/uj.adatbank.ro\/lexikon\/termek\/boda-hektor\/","title":{"rendered":"BODA Hektor"},"content":{"rendered":"<p>? \u2020\u00a0? : tan\u00edt\u00f3, ref. lelk\u00e9sz. \u2013 Sz\u00e9kelyudvarhelyen subscrib\u00e1lt (1789). Bonyh\u00e1ra Sz\u00e9kelyudvarhelyr\u0151l h\u00edvt\u00e1k meg tan\u00edt\u00f3nak (1793. jan. 7. \u201397). Lelk\u00e9szi v\u00e9d\u0151\u00fcgyv\u00e9dk\u00e9nt szerepelt. K\u00f6zben letette a papi vizsg\u00e1t, \u00e9s D\u00e1ny\u00e1nba t\u00e1vozott, ahol lelk\u00e9sz (1797\u20131802), majd K\u00fck\u00fcll\u0151sz\u00e9plakon szolg\u00e1lt (1802\u201324). <br \/><strong>Irod.:<\/strong> Bonyha \u00e9s egyh\u00e1za; K\u00fck\u00fcll\u0151i Ref. Egyh\u00e1zm. 1.<\/br><\/p>\n","protected":false},"excerpt":{"rendered":"<p>? \u2020\u00a0? : tan\u00edt\u00f3, ref. lelk\u00e9sz. \u2013 Sz\u00e9kelyudvarhelyen subscrib\u00e1lt (1789). Bonyh\u00e1ra Sz\u00e9kelyudvarhelyr\u0151l h\u00edvt\u00e1k meg tan\u00edt\u00f3nak (1793. jan. 7. \u201397). Lelk\u00e9szi v\u00e9d\u0151\u00fcgyv\u00e9dk\u00e9nt szerepelt. K\u00f6zben letette a papi vizsg\u00e1t, \u00e9s D\u00e1ny\u00e1nba t\u00e1vozott, ahol lelk\u00e9sz (1797\u20131802), majd K\u00fck\u00fcll\u0151sz\u00e9plakon szolg\u00e1lt (1802\u201324). Irod.: Bonyha \u00e9s egyh\u00e1za; K\u00fck\u00fcll\u0151i Ref. Egyh\u00e1zm. 1.<\/p>\n","protected":false},"featured_media":0,"comment_status":"open","ping_status":"closed","template":"","meta":[],"product_brand":[],"product_cat":[137],"product_tag":[],"class_list":{"0":"post-4930","1":"product","2":"type-product","3":"status-publish","5":"product_cat-maros-megyei-eletrajzi-lexikon","7":"first","8":"instock","9":"shipping-taxable","10":"product-type-simple"},"_links":{"self":[{"href":"https:\/\/uj.adatbank.ro\/lexikon\/wp-json\/wp\/v2\/product\/4930","targetHints":{"allow":["GET"]}}],"collection":[{"href":"https:\/\/uj.adatbank.ro\/lexikon\/wp-json\/wp\/v2\/product"}],"about":[{"href":"https:\/\/uj.adatbank.ro\/lexikon\/wp-json\/wp\/v2\/types\/product"}],"replies":[{"embeddable":true,"href":"https:\/\/uj.adatbank.ro\/lexikon\/wp-json\/wp\/v2\/comments?post=4930"}],"wp:attachment":[{"href":"https:\/\/uj.adatbank.ro\/lexikon\/wp-json\/wp\/v2\/media?parent=4930"}],"wp:term":[{"taxonomy":"product_brand","embeddable":true,"href":"https:\/\/uj.adatbank.ro\/lexikon\/wp-json\/wp\/v2\/product_brand?post=4930"},{"taxonomy":"product_cat","embeddable":true,"href":"https:\/\/uj.adatbank.ro\/lexikon\/wp-json\/wp\/v2\/product_cat?post=4930"},{"taxonomy":"product_tag","embeddable":true,"href":"https:\/\/uj.adatbank.ro\/lexikon\/wp-json\/wp\/v2\/product_tag?post=4930"}],"curies":[{"name":"wp","href":"https:\/\/api.w.org\/{rel}","templated":true}]}}