{"id":4931,"date":"2025-06-28T16:57:51","date_gmt":"2025-06-28T14:57:51","guid":{"rendered":"https:\/\/uj.adatbank.ro\/lexikon\/termek\/boda-jeno\/"},"modified":"2025-06-28T16:57:51","modified_gmt":"2025-06-28T14:57:51","slug":"boda-jeno","status":"publish","type":"product","link":"https:\/\/uj.adatbank.ro\/lexikon\/termek\/boda-jeno\/","title":{"rendered":"BODA Jen\u0151"},"content":{"rendered":"<p>K\u00e9zdiv\u00e1s\u00e1rhely, 1885., \u2020 ? : \u00fcgyv\u00e9d. \u2013 MT vm. tb. f\u0151jegyz\u0151je. Bp-en nyitott \u00fcgyv\u00e9di irod\u00e1t (1911). <strong>Cikkei:<\/strong> K\u00f6zbiztons\u00e1g c. lapban. <br \/><strong>Irod.:<\/strong> Guly\u00e1s<\/br><\/p>\n","protected":false},"excerpt":{"rendered":"<p>K\u00e9zdiv\u00e1s\u00e1rhely, 1885., \u2020 ? : \u00fcgyv\u00e9d. \u2013 MT vm. tb. f\u0151jegyz\u0151je. Bp-en nyitott \u00fcgyv\u00e9di irod\u00e1t (1911). Cikkei: K\u00f6zbiztons\u00e1g c. lapban. Irod.: Guly\u00e1s<\/p>\n","protected":false},"featured_media":0,"comment_status":"open","ping_status":"closed","template":"","meta":[],"product_brand":[],"product_cat":[137],"product_tag":[],"class_list":{"0":"post-4931","1":"product","2":"type-product","3":"status-publish","5":"product_cat-maros-megyei-eletrajzi-lexikon","7":"first","8":"instock","9":"shipping-taxable","10":"product-type-simple"},"_links":{"self":[{"href":"https:\/\/uj.adatbank.ro\/lexikon\/wp-json\/wp\/v2\/product\/4931","targetHints":{"allow":["GET"]}}],"collection":[{"href":"https:\/\/uj.adatbank.ro\/lexikon\/wp-json\/wp\/v2\/product"}],"about":[{"href":"https:\/\/uj.adatbank.ro\/lexikon\/wp-json\/wp\/v2\/types\/product"}],"replies":[{"embeddable":true,"href":"https:\/\/uj.adatbank.ro\/lexikon\/wp-json\/wp\/v2\/comments?post=4931"}],"wp:attachment":[{"href":"https:\/\/uj.adatbank.ro\/lexikon\/wp-json\/wp\/v2\/media?parent=4931"}],"wp:term":[{"taxonomy":"product_brand","embeddable":true,"href":"https:\/\/uj.adatbank.ro\/lexikon\/wp-json\/wp\/v2\/product_brand?post=4931"},{"taxonomy":"product_cat","embeddable":true,"href":"https:\/\/uj.adatbank.ro\/lexikon\/wp-json\/wp\/v2\/product_cat?post=4931"},{"taxonomy":"product_tag","embeddable":true,"href":"https:\/\/uj.adatbank.ro\/lexikon\/wp-json\/wp\/v2\/product_tag?post=4931"}],"curies":[{"name":"wp","href":"https:\/\/api.w.org\/{rel}","templated":true}]}}