{"id":4932,"date":"2025-06-28T16:57:52","date_gmt":"2025-06-28T14:57:52","guid":{"rendered":"https:\/\/uj.adatbank.ro\/lexikon\/termek\/boda-karoly\/"},"modified":"2025-06-28T16:57:52","modified_gmt":"2025-06-28T14:57:52","slug":"boda-karoly","status":"publish","type":"product","link":"https:\/\/uj.adatbank.ro\/lexikon\/termek\/boda-karoly\/","title":{"rendered":"BODA K\u00e1roly"},"content":{"rendered":"<p>? \u2020\u00a0? : hangszerk\u00e9sz\u00edt\u0151. \u2013 H\u00faros hangszergy\u00e1rt\u00f3 szakember. A sz\u00e1szr\u00e9geni Hora Hangszergy\u00e1rt\u00f3 Gy\u00e1r vezet\u0151je (1956\u201359). Jelent\u0151sen hozz\u00e1j\u00e1rult, Sz\u00e1szr\u00e9gennek a \u201eheged\u0171k v\u00e1ros\u00e1v\u00e1\u201d v\u00e1l\u00e1s\u00e1hoz. <br \/><strong>Irod.:<\/strong> L\u0103z\u0103roiu<\/br><\/p>\n","protected":false},"excerpt":{"rendered":"<p>? \u2020\u00a0? : hangszerk\u00e9sz\u00edt\u0151. \u2013 H\u00faros hangszergy\u00e1rt\u00f3 szakember. A sz\u00e1szr\u00e9geni Hora Hangszergy\u00e1rt\u00f3 Gy\u00e1r vezet\u0151je (1956\u201359). Jelent\u0151sen hozz\u00e1j\u00e1rult, Sz\u00e1szr\u00e9gennek a \u201eheged\u0171k v\u00e1ros\u00e1v\u00e1\u201d v\u00e1l\u00e1s\u00e1hoz. Irod.: L\u0103z\u0103roiu<\/p>\n","protected":false},"featured_media":0,"comment_status":"open","ping_status":"closed","template":"","meta":[],"product_brand":[],"product_cat":[137],"product_tag":[],"class_list":{"0":"post-4932","1":"product","2":"type-product","3":"status-publish","5":"product_cat-maros-megyei-eletrajzi-lexikon","7":"first","8":"instock","9":"shipping-taxable","10":"product-type-simple"},"_links":{"self":[{"href":"https:\/\/uj.adatbank.ro\/lexikon\/wp-json\/wp\/v2\/product\/4932","targetHints":{"allow":["GET"]}}],"collection":[{"href":"https:\/\/uj.adatbank.ro\/lexikon\/wp-json\/wp\/v2\/product"}],"about":[{"href":"https:\/\/uj.adatbank.ro\/lexikon\/wp-json\/wp\/v2\/types\/product"}],"replies":[{"embeddable":true,"href":"https:\/\/uj.adatbank.ro\/lexikon\/wp-json\/wp\/v2\/comments?post=4932"}],"wp:attachment":[{"href":"https:\/\/uj.adatbank.ro\/lexikon\/wp-json\/wp\/v2\/media?parent=4932"}],"wp:term":[{"taxonomy":"product_brand","embeddable":true,"href":"https:\/\/uj.adatbank.ro\/lexikon\/wp-json\/wp\/v2\/product_brand?post=4932"},{"taxonomy":"product_cat","embeddable":true,"href":"https:\/\/uj.adatbank.ro\/lexikon\/wp-json\/wp\/v2\/product_cat?post=4932"},{"taxonomy":"product_tag","embeddable":true,"href":"https:\/\/uj.adatbank.ro\/lexikon\/wp-json\/wp\/v2\/product_tag?post=4932"}],"curies":[{"name":"wp","href":"https:\/\/api.w.org\/{rel}","templated":true}]}}