{"id":4935,"date":"2025-06-28T16:57:58","date_gmt":"2025-06-28T14:57:58","guid":{"rendered":"https:\/\/uj.adatbank.ro\/lexikon\/termek\/bodi-kalman\/"},"modified":"2025-06-28T16:57:58","modified_gmt":"2025-06-28T14:57:58","slug":"bodi-kalman","status":"publish","type":"product","link":"https:\/\/uj.adatbank.ro\/lexikon\/termek\/bodi-kalman\/","title":{"rendered":"B\u00d3DI K\u00e1lm\u00e1n"},"content":{"rendered":"<p>? \u2020 Kerel\u0151sztp\u00e1l, 2009. \u00e1pr. 21.: tan\u00e1csos. \u2013 Kerel\u0151sztp\u00e1lon az \u00d6nkorm\u00e1nyzatban tan\u00e1csos, a Roma P\u00e1rt helyi szervezet\u00e9nek eln\u00f6ke.<\/br><\/p>\n","protected":false},"excerpt":{"rendered":"<p>? \u2020 Kerel\u0151sztp\u00e1l, 2009. \u00e1pr. 21.: tan\u00e1csos. \u2013 Kerel\u0151sztp\u00e1lon az \u00d6nkorm\u00e1nyzatban tan\u00e1csos, a Roma P\u00e1rt helyi szervezet\u00e9nek eln\u00f6ke.<\/p>\n","protected":false},"featured_media":0,"comment_status":"open","ping_status":"closed","template":"","meta":[],"product_brand":[],"product_cat":[137],"product_tag":[],"class_list":{"0":"post-4935","1":"product","2":"type-product","3":"status-publish","5":"product_cat-maros-megyei-eletrajzi-lexikon","7":"first","8":"instock","9":"shipping-taxable","10":"product-type-simple"},"_links":{"self":[{"href":"https:\/\/uj.adatbank.ro\/lexikon\/wp-json\/wp\/v2\/product\/4935","targetHints":{"allow":["GET"]}}],"collection":[{"href":"https:\/\/uj.adatbank.ro\/lexikon\/wp-json\/wp\/v2\/product"}],"about":[{"href":"https:\/\/uj.adatbank.ro\/lexikon\/wp-json\/wp\/v2\/types\/product"}],"replies":[{"embeddable":true,"href":"https:\/\/uj.adatbank.ro\/lexikon\/wp-json\/wp\/v2\/comments?post=4935"}],"wp:attachment":[{"href":"https:\/\/uj.adatbank.ro\/lexikon\/wp-json\/wp\/v2\/media?parent=4935"}],"wp:term":[{"taxonomy":"product_brand","embeddable":true,"href":"https:\/\/uj.adatbank.ro\/lexikon\/wp-json\/wp\/v2\/product_brand?post=4935"},{"taxonomy":"product_cat","embeddable":true,"href":"https:\/\/uj.adatbank.ro\/lexikon\/wp-json\/wp\/v2\/product_cat?post=4935"},{"taxonomy":"product_tag","embeddable":true,"href":"https:\/\/uj.adatbank.ro\/lexikon\/wp-json\/wp\/v2\/product_tag?post=4935"}],"curies":[{"name":"wp","href":"https:\/\/api.w.org\/{rel}","templated":true}]}}