{"id":4937,"date":"2025-06-28T16:58:01","date_gmt":"2025-06-28T14:58:01","guid":{"rendered":"https:\/\/uj.adatbank.ro\/lexikon\/termek\/bodis-miklos-id\/"},"modified":"2025-06-28T16:58:01","modified_gmt":"2025-06-28T14:58:01","slug":"bodis-miklos-id","status":"publish","type":"product","link":"https:\/\/uj.adatbank.ro\/lexikon\/termek\/bodis-miklos-id\/","title":{"rendered":"B\u00d3DIS Mikl\u00f3s, id."},"content":{"rendered":"<p>Sz\u00e1szr\u00e9gen, 1904., \u2020 Sz\u00e1szr\u00e9gen, 1987.: k\u00f6t\u00e9lver\u0151-mester. \u2013 Apj\u00e1n\u00e1l volt inas, ott tanulta ki a mesters\u00e9get. \u00d6n\u00e1ll\u00f3 m\u0171helyt nyitott (1928), \u00e9s azonos nev\u0171 fi\u00e1val dolgozott (\u20131950), amikor megalakult a kisipari sz\u00f6vetkezet. <br \/><strong>Irod.:<\/strong> B\u00edr\u00f3 Don\u00e1t 2000<\/br><\/p>\n","protected":false},"excerpt":{"rendered":"<p>Sz\u00e1szr\u00e9gen, 1904., \u2020 Sz\u00e1szr\u00e9gen, 1987.: k\u00f6t\u00e9lver\u0151-mester. \u2013 Apj\u00e1n\u00e1l volt inas, ott tanulta ki a mesters\u00e9get. \u00d6n\u00e1ll\u00f3 m\u0171helyt nyitott (1928), \u00e9s azonos nev\u0171 fi\u00e1val dolgozott (\u20131950), amikor megalakult a kisipari sz\u00f6vetkezet. Irod.: B\u00edr\u00f3 Don\u00e1t 2000<\/p>\n","protected":false},"featured_media":0,"comment_status":"open","ping_status":"closed","template":"","meta":[],"product_brand":[],"product_cat":[137],"product_tag":[],"class_list":{"0":"post-4937","1":"product","2":"type-product","3":"status-publish","5":"product_cat-maros-megyei-eletrajzi-lexikon","7":"first","8":"instock","9":"shipping-taxable","10":"product-type-simple"},"_links":{"self":[{"href":"https:\/\/uj.adatbank.ro\/lexikon\/wp-json\/wp\/v2\/product\/4937","targetHints":{"allow":["GET"]}}],"collection":[{"href":"https:\/\/uj.adatbank.ro\/lexikon\/wp-json\/wp\/v2\/product"}],"about":[{"href":"https:\/\/uj.adatbank.ro\/lexikon\/wp-json\/wp\/v2\/types\/product"}],"replies":[{"embeddable":true,"href":"https:\/\/uj.adatbank.ro\/lexikon\/wp-json\/wp\/v2\/comments?post=4937"}],"wp:attachment":[{"href":"https:\/\/uj.adatbank.ro\/lexikon\/wp-json\/wp\/v2\/media?parent=4937"}],"wp:term":[{"taxonomy":"product_brand","embeddable":true,"href":"https:\/\/uj.adatbank.ro\/lexikon\/wp-json\/wp\/v2\/product_brand?post=4937"},{"taxonomy":"product_cat","embeddable":true,"href":"https:\/\/uj.adatbank.ro\/lexikon\/wp-json\/wp\/v2\/product_cat?post=4937"},{"taxonomy":"product_tag","embeddable":true,"href":"https:\/\/uj.adatbank.ro\/lexikon\/wp-json\/wp\/v2\/product_tag?post=4937"}],"curies":[{"name":"wp","href":"https:\/\/api.w.org\/{rel}","templated":true}]}}