{"id":4940,"date":"2025-06-28T16:58:08","date_gmt":"2025-06-28T14:58:08","guid":{"rendered":"https:\/\/uj.adatbank.ro\/lexikon\/termek\/bodnar-lajos\/"},"modified":"2025-06-28T16:58:08","modified_gmt":"2025-06-28T14:58:08","slug":"bodnar-lajos","status":"publish","type":"product","link":"https:\/\/uj.adatbank.ro\/lexikon\/termek\/bodnar-lajos\/","title":{"rendered":"BODN\u00c1R Lajos"},"content":{"rendered":"<p>1928., \u2020\u00a0Szeged, Mo., 2008. febr. 21.: orvos. \u2013 A MOGYE Orvosi Kar\u00e1nak v\u00e9gzettje (1950\u201356). <br \/><strong>Irod.:<\/strong> [Nekrol\u00f3g] (N\u00fa., 2008. m\u00e1rc. 11.)<\/br><\/p>\n","protected":false},"excerpt":{"rendered":"<p>1928., \u2020\u00a0Szeged, Mo., 2008. febr. 21.: orvos. \u2013 A MOGYE Orvosi Kar\u00e1nak v\u00e9gzettje (1950\u201356). Irod.: [Nekrol\u00f3g] (N\u00fa., 2008. m\u00e1rc. 11.)<\/p>\n","protected":false},"featured_media":0,"comment_status":"open","ping_status":"closed","template":"","meta":[],"product_brand":[],"product_cat":[137],"product_tag":[],"class_list":{"0":"post-4940","1":"product","2":"type-product","3":"status-publish","5":"product_cat-maros-megyei-eletrajzi-lexikon","7":"first","8":"instock","9":"shipping-taxable","10":"product-type-simple"},"_links":{"self":[{"href":"https:\/\/uj.adatbank.ro\/lexikon\/wp-json\/wp\/v2\/product\/4940","targetHints":{"allow":["GET"]}}],"collection":[{"href":"https:\/\/uj.adatbank.ro\/lexikon\/wp-json\/wp\/v2\/product"}],"about":[{"href":"https:\/\/uj.adatbank.ro\/lexikon\/wp-json\/wp\/v2\/types\/product"}],"replies":[{"embeddable":true,"href":"https:\/\/uj.adatbank.ro\/lexikon\/wp-json\/wp\/v2\/comments?post=4940"}],"wp:attachment":[{"href":"https:\/\/uj.adatbank.ro\/lexikon\/wp-json\/wp\/v2\/media?parent=4940"}],"wp:term":[{"taxonomy":"product_brand","embeddable":true,"href":"https:\/\/uj.adatbank.ro\/lexikon\/wp-json\/wp\/v2\/product_brand?post=4940"},{"taxonomy":"product_cat","embeddable":true,"href":"https:\/\/uj.adatbank.ro\/lexikon\/wp-json\/wp\/v2\/product_cat?post=4940"},{"taxonomy":"product_tag","embeddable":true,"href":"https:\/\/uj.adatbank.ro\/lexikon\/wp-json\/wp\/v2\/product_tag?post=4940"}],"curies":[{"name":"wp","href":"https:\/\/api.w.org\/{rel}","templated":true}]}}