{"id":4942,"date":"2025-06-28T16:58:11","date_gmt":"2025-06-28T14:58:11","guid":{"rendered":"https:\/\/uj.adatbank.ro\/lexikon\/termek\/bodo-antal\/"},"modified":"2025-06-28T16:58:11","modified_gmt":"2025-06-28T14:58:11","slug":"bodo-antal","status":"publish","type":"product","link":"https:\/\/uj.adatbank.ro\/lexikon\/termek\/bodo-antal\/","title":{"rendered":"BOD\u00d3 Antal"},"content":{"rendered":"<p>? \u2020\u00a0? : r. k. pl\u00e9b\u00e1nos. \u2013 Sz\u00e9kelyk\u00e1lon pl\u00e9b\u00e1nos (1971\u201373). <br \/><strong>Irod.:<\/strong> Maros-k\u00fck\u00fcll\u0151i f\u0151esp.; Sz\u00e9kelyk\u00e1l 800 \u00e9ves t\u00f6rt\u00e9net\u00e9b\u0151l.<\/br><\/p>\n","protected":false},"excerpt":{"rendered":"<p>? \u2020\u00a0? : r. k. pl\u00e9b\u00e1nos. \u2013 Sz\u00e9kelyk\u00e1lon pl\u00e9b\u00e1nos (1971\u201373). Irod.: Maros-k\u00fck\u00fcll\u0151i f\u0151esp.; Sz\u00e9kelyk\u00e1l 800 \u00e9ves t\u00f6rt\u00e9net\u00e9b\u0151l.<\/p>\n","protected":false},"featured_media":0,"comment_status":"open","ping_status":"closed","template":"","meta":[],"product_brand":[],"product_cat":[137],"product_tag":[],"class_list":{"0":"post-4942","1":"product","2":"type-product","3":"status-publish","5":"product_cat-maros-megyei-eletrajzi-lexikon","7":"first","8":"instock","9":"shipping-taxable","10":"product-type-simple"},"_links":{"self":[{"href":"https:\/\/uj.adatbank.ro\/lexikon\/wp-json\/wp\/v2\/product\/4942","targetHints":{"allow":["GET"]}}],"collection":[{"href":"https:\/\/uj.adatbank.ro\/lexikon\/wp-json\/wp\/v2\/product"}],"about":[{"href":"https:\/\/uj.adatbank.ro\/lexikon\/wp-json\/wp\/v2\/types\/product"}],"replies":[{"embeddable":true,"href":"https:\/\/uj.adatbank.ro\/lexikon\/wp-json\/wp\/v2\/comments?post=4942"}],"wp:attachment":[{"href":"https:\/\/uj.adatbank.ro\/lexikon\/wp-json\/wp\/v2\/media?parent=4942"}],"wp:term":[{"taxonomy":"product_brand","embeddable":true,"href":"https:\/\/uj.adatbank.ro\/lexikon\/wp-json\/wp\/v2\/product_brand?post=4942"},{"taxonomy":"product_cat","embeddable":true,"href":"https:\/\/uj.adatbank.ro\/lexikon\/wp-json\/wp\/v2\/product_cat?post=4942"},{"taxonomy":"product_tag","embeddable":true,"href":"https:\/\/uj.adatbank.ro\/lexikon\/wp-json\/wp\/v2\/product_tag?post=4942"}],"curies":[{"name":"wp","href":"https:\/\/api.w.org\/{rel}","templated":true}]}}