{"id":4944,"date":"2025-06-28T16:58:16","date_gmt":"2025-06-28T14:58:16","guid":{"rendered":"https:\/\/uj.adatbank.ro\/lexikon\/termek\/bodo-daniel\/"},"modified":"2025-06-28T16:58:16","modified_gmt":"2025-06-28T14:58:16","slug":"bodo-daniel","status":"publish","type":"product","link":"https:\/\/uj.adatbank.ro\/lexikon\/termek\/bodo-daniel\/","title":{"rendered":"BOD\u00d3 D\u00e1niel"},"content":{"rendered":"<p>Mez\u0151panit, ? \u2020 Csejd, 1835.: ref. lelk\u00e9sz. \u2013 Val\u00f3sz\u00edn\u0171 az \u0151 fia B. D. nemzet\u0151r. \u2013 Mv.-en v\u00e9gezte a Ref. Koll.-ot. Csejden szolg\u00e1lt hal\u00e1l\u00e1ig (1814\u201335). <br \/><strong>Irod.:<\/strong> Csejd \u2013T\u00f3falva<\/br><\/p>\n","protected":false},"excerpt":{"rendered":"<p>Mez\u0151panit, ? \u2020 Csejd, 1835.: ref. lelk\u00e9sz. \u2013 Val\u00f3sz\u00edn\u0171 az \u0151 fia B. D. nemzet\u0151r. \u2013 Mv.-en v\u00e9gezte a Ref. Koll.-ot. Csejden szolg\u00e1lt hal\u00e1l\u00e1ig (1814\u201335). Irod.: Csejd \u2013T\u00f3falva<\/p>\n","protected":false},"featured_media":0,"comment_status":"open","ping_status":"closed","template":"","meta":[],"product_brand":[],"product_cat":[137],"product_tag":[],"class_list":{"0":"post-4944","1":"product","2":"type-product","3":"status-publish","5":"product_cat-maros-megyei-eletrajzi-lexikon","7":"first","8":"instock","9":"shipping-taxable","10":"product-type-simple"},"_links":{"self":[{"href":"https:\/\/uj.adatbank.ro\/lexikon\/wp-json\/wp\/v2\/product\/4944","targetHints":{"allow":["GET"]}}],"collection":[{"href":"https:\/\/uj.adatbank.ro\/lexikon\/wp-json\/wp\/v2\/product"}],"about":[{"href":"https:\/\/uj.adatbank.ro\/lexikon\/wp-json\/wp\/v2\/types\/product"}],"replies":[{"embeddable":true,"href":"https:\/\/uj.adatbank.ro\/lexikon\/wp-json\/wp\/v2\/comments?post=4944"}],"wp:attachment":[{"href":"https:\/\/uj.adatbank.ro\/lexikon\/wp-json\/wp\/v2\/media?parent=4944"}],"wp:term":[{"taxonomy":"product_brand","embeddable":true,"href":"https:\/\/uj.adatbank.ro\/lexikon\/wp-json\/wp\/v2\/product_brand?post=4944"},{"taxonomy":"product_cat","embeddable":true,"href":"https:\/\/uj.adatbank.ro\/lexikon\/wp-json\/wp\/v2\/product_cat?post=4944"},{"taxonomy":"product_tag","embeddable":true,"href":"https:\/\/uj.adatbank.ro\/lexikon\/wp-json\/wp\/v2\/product_tag?post=4944"}],"curies":[{"name":"wp","href":"https:\/\/api.w.org\/{rel}","templated":true}]}}