{"id":4947,"date":"2025-06-28T16:58:20","date_gmt":"2025-06-28T14:58:20","guid":{"rendered":"https:\/\/uj.adatbank.ro\/lexikon\/termek\/bodo-gergely-marosvasarhelyi-alias-koteles-b-gergely\/"},"modified":"2025-06-28T16:58:20","modified_gmt":"2025-06-28T14:58:20","slug":"bodo-gergely-marosvasarhelyi-alias-koteles-b-gergely","status":"publish","type":"product","link":"https:\/\/uj.adatbank.ro\/lexikon\/termek\/bodo-gergely-marosvasarhelyi-alias-koteles-b-gergely\/","title":{"rendered":"BOD\u00d3 Gergely, marosv\u00e1s\u00e1rhelyi alias K\u00f6teles B. Gergely"},"content":{"rendered":"<p>? \u2020\u00a0? : primipilaris. \u2013 Primipil\u00e1rist nyert (1607. \u00e1pr. 7.). <br \/><strong>Irod.:<\/strong> Kempelen; MCK; P\u00e1lmay<\/br><\/p>\n","protected":false},"excerpt":{"rendered":"<p>? \u2020\u00a0? : primipilaris. \u2013 Primipil\u00e1rist nyert (1607. \u00e1pr. 7.). Irod.: Kempelen; MCK; P\u00e1lmay<\/p>\n","protected":false},"featured_media":0,"comment_status":"open","ping_status":"closed","template":"","meta":[],"product_brand":[],"product_cat":[137],"product_tag":[],"class_list":{"0":"post-4947","1":"product","2":"type-product","3":"status-publish","5":"product_cat-maros-megyei-eletrajzi-lexikon","7":"first","8":"instock","9":"shipping-taxable","10":"product-type-simple"},"_links":{"self":[{"href":"https:\/\/uj.adatbank.ro\/lexikon\/wp-json\/wp\/v2\/product\/4947","targetHints":{"allow":["GET"]}}],"collection":[{"href":"https:\/\/uj.adatbank.ro\/lexikon\/wp-json\/wp\/v2\/product"}],"about":[{"href":"https:\/\/uj.adatbank.ro\/lexikon\/wp-json\/wp\/v2\/types\/product"}],"replies":[{"embeddable":true,"href":"https:\/\/uj.adatbank.ro\/lexikon\/wp-json\/wp\/v2\/comments?post=4947"}],"wp:attachment":[{"href":"https:\/\/uj.adatbank.ro\/lexikon\/wp-json\/wp\/v2\/media?parent=4947"}],"wp:term":[{"taxonomy":"product_brand","embeddable":true,"href":"https:\/\/uj.adatbank.ro\/lexikon\/wp-json\/wp\/v2\/product_brand?post=4947"},{"taxonomy":"product_cat","embeddable":true,"href":"https:\/\/uj.adatbank.ro\/lexikon\/wp-json\/wp\/v2\/product_cat?post=4947"},{"taxonomy":"product_tag","embeddable":true,"href":"https:\/\/uj.adatbank.ro\/lexikon\/wp-json\/wp\/v2\/product_tag?post=4947"}],"curies":[{"name":"wp","href":"https:\/\/api.w.org\/{rel}","templated":true}]}}