{"id":4948,"date":"2025-06-28T16:58:21","date_gmt":"2025-06-28T14:58:21","guid":{"rendered":"https:\/\/uj.adatbank.ro\/lexikon\/termek\/bodo-hermann-marosszentkiralyi\/"},"modified":"2025-06-28T16:58:21","modified_gmt":"2025-06-28T14:58:21","slug":"bodo-hermann-marosszentkiralyi","status":"publish","type":"product","link":"https:\/\/uj.adatbank.ro\/lexikon\/termek\/bodo-hermann-marosszentkiralyi\/","title":{"rendered":"BOD\u00d3 Hermann, marosszentkir\u00e1lyi"},"content":{"rendered":"<p>? \u2020\u00a0? : \u0151rnagy. \u2013 B. K\u00e1roly fia. \u2013 Nemess\u00e9get kapott (1911. jan. 31.). Cs. \u00e9s kir. \u0151rnagy. <br \/><strong>Irod.:<\/strong> Kempelen; MCK; P\u00e1lmay; \u00dajv\u00e1ri<\/br><\/p>\n","protected":false},"excerpt":{"rendered":"<p>? \u2020\u00a0? : \u0151rnagy. \u2013 B. K\u00e1roly fia. \u2013 Nemess\u00e9get kapott (1911. jan. 31.). Cs. \u00e9s kir. \u0151rnagy. Irod.: Kempelen; MCK; P\u00e1lmay; \u00dajv\u00e1ri<\/p>\n","protected":false},"featured_media":0,"comment_status":"open","ping_status":"closed","template":"","meta":[],"product_brand":[],"product_cat":[137],"product_tag":[],"class_list":{"0":"post-4948","1":"product","2":"type-product","3":"status-publish","5":"product_cat-maros-megyei-eletrajzi-lexikon","7":"first","8":"instock","9":"shipping-taxable","10":"product-type-simple"},"_links":{"self":[{"href":"https:\/\/uj.adatbank.ro\/lexikon\/wp-json\/wp\/v2\/product\/4948","targetHints":{"allow":["GET"]}}],"collection":[{"href":"https:\/\/uj.adatbank.ro\/lexikon\/wp-json\/wp\/v2\/product"}],"about":[{"href":"https:\/\/uj.adatbank.ro\/lexikon\/wp-json\/wp\/v2\/types\/product"}],"replies":[{"embeddable":true,"href":"https:\/\/uj.adatbank.ro\/lexikon\/wp-json\/wp\/v2\/comments?post=4948"}],"wp:attachment":[{"href":"https:\/\/uj.adatbank.ro\/lexikon\/wp-json\/wp\/v2\/media?parent=4948"}],"wp:term":[{"taxonomy":"product_brand","embeddable":true,"href":"https:\/\/uj.adatbank.ro\/lexikon\/wp-json\/wp\/v2\/product_brand?post=4948"},{"taxonomy":"product_cat","embeddable":true,"href":"https:\/\/uj.adatbank.ro\/lexikon\/wp-json\/wp\/v2\/product_cat?post=4948"},{"taxonomy":"product_tag","embeddable":true,"href":"https:\/\/uj.adatbank.ro\/lexikon\/wp-json\/wp\/v2\/product_tag?post=4948"}],"curies":[{"name":"wp","href":"https:\/\/api.w.org\/{rel}","templated":true}]}}