{"id":4952,"date":"2025-06-28T16:58:30","date_gmt":"2025-06-28T14:58:30","guid":{"rendered":"https:\/\/uj.adatbank.ro\/lexikon\/termek\/bodo-istvan-mezopaniti\/"},"modified":"2025-06-28T16:58:30","modified_gmt":"2025-06-28T14:58:30","slug":"bodo-istvan-mezopaniti","status":"publish","type":"product","link":"https:\/\/uj.adatbank.ro\/lexikon\/termek\/bodo-istvan-mezopaniti\/","title":{"rendered":"BOD\u00d3 Istv\u00e1n, mez\u0151paniti"},"content":{"rendered":"<p>Mez\u0151panit, ? \u2020\u00a0? : ref. lelk\u00e9sz. \u2013 A B. Gy\u00f6rgy lesz\u00e1rmazottja, ezt igazolta a marossz\u00e9ki politikai \u00fcl\u00e9sen (1836. m\u00e1rc. 5.). <br \/><strong>Irod.:<\/strong> P\u00e1lmay<\/br><\/p>\n","protected":false},"excerpt":{"rendered":"<p>Mez\u0151panit, ? \u2020\u00a0? : ref. lelk\u00e9sz. \u2013 A B. Gy\u00f6rgy lesz\u00e1rmazottja, ezt igazolta a marossz\u00e9ki politikai \u00fcl\u00e9sen (1836. m\u00e1rc. 5.). Irod.: P\u00e1lmay<\/p>\n","protected":false},"featured_media":0,"comment_status":"open","ping_status":"closed","template":"","meta":[],"product_brand":[],"product_cat":[137],"product_tag":[],"class_list":{"0":"post-4952","1":"product","2":"type-product","3":"status-publish","5":"product_cat-maros-megyei-eletrajzi-lexikon","7":"first","8":"instock","9":"shipping-taxable","10":"product-type-simple"},"_links":{"self":[{"href":"https:\/\/uj.adatbank.ro\/lexikon\/wp-json\/wp\/v2\/product\/4952","targetHints":{"allow":["GET"]}}],"collection":[{"href":"https:\/\/uj.adatbank.ro\/lexikon\/wp-json\/wp\/v2\/product"}],"about":[{"href":"https:\/\/uj.adatbank.ro\/lexikon\/wp-json\/wp\/v2\/types\/product"}],"replies":[{"embeddable":true,"href":"https:\/\/uj.adatbank.ro\/lexikon\/wp-json\/wp\/v2\/comments?post=4952"}],"wp:attachment":[{"href":"https:\/\/uj.adatbank.ro\/lexikon\/wp-json\/wp\/v2\/media?parent=4952"}],"wp:term":[{"taxonomy":"product_brand","embeddable":true,"href":"https:\/\/uj.adatbank.ro\/lexikon\/wp-json\/wp\/v2\/product_brand?post=4952"},{"taxonomy":"product_cat","embeddable":true,"href":"https:\/\/uj.adatbank.ro\/lexikon\/wp-json\/wp\/v2\/product_cat?post=4952"},{"taxonomy":"product_tag","embeddable":true,"href":"https:\/\/uj.adatbank.ro\/lexikon\/wp-json\/wp\/v2\/product_tag?post=4952"}],"curies":[{"name":"wp","href":"https:\/\/api.w.org\/{rel}","templated":true}]}}