{"id":4953,"date":"2025-06-28T16:58:32","date_gmt":"2025-06-28T14:58:32","guid":{"rendered":"https:\/\/uj.adatbank.ro\/lexikon\/termek\/bodo-janos\/"},"modified":"2025-06-28T16:58:32","modified_gmt":"2025-06-28T14:58:32","slug":"bodo-janos","status":"publish","type":"product","link":"https:\/\/uj.adatbank.ro\/lexikon\/termek\/bodo-janos\/","title":{"rendered":"BOD\u00d3 J\u00e1nos"},"content":{"rendered":"<p>Backamadaras, 1841. febr. 17., \u2020\u00a01925. jan. 17.: r. k. pap. \u2013 A gimn.-ot Mv.-en \u00e9s Sz\u00e9kelyudvarhelyen, teol. Tanulm\u00e1nyait Gyulafeh\u00e9rv\u00e1ron v\u00e9gezte. Papp\u00e1 szentelt\u00e9k (1864. j\u00fal. 31.). K\u00e1pl\u00e1n K\u00e9zdiszentkereszten. Lelkip\u00e1sztor Mikl\u00f3sv\u00e1ron (1869), Harasztoson (1877), pl\u00e9b\u00e1nos Gyimesb\u00fckk\u00f6n (1887\u20131920), nyugd\u00edjas (1920). <br \/><strong>Irod.:<\/strong> Ferenczi S\u00e1ndor 2009<\/br><\/p>\n","protected":false},"excerpt":{"rendered":"<p>Backamadaras, 1841. febr. 17., \u2020\u00a01925. jan. 17.: r. k. pap. \u2013 A gimn.-ot Mv.-en \u00e9s Sz\u00e9kelyudvarhelyen, teol. Tanulm\u00e1nyait Gyulafeh\u00e9rv\u00e1ron v\u00e9gezte. Papp\u00e1 szentelt\u00e9k (1864. j\u00fal. 31.). K\u00e1pl\u00e1n K\u00e9zdiszentkereszten. Lelkip\u00e1sztor Mikl\u00f3sv\u00e1ron (1869), Harasztoson (1877), pl\u00e9b\u00e1nos Gyimesb\u00fckk\u00f6n (1887\u20131920), nyugd\u00edjas (1920). Irod.: Ferenczi S\u00e1ndor 2009<\/p>\n","protected":false},"featured_media":0,"comment_status":"open","ping_status":"closed","template":"","meta":[],"product_brand":[],"product_cat":[137],"product_tag":[],"class_list":{"0":"post-4953","1":"product","2":"type-product","3":"status-publish","5":"product_cat-maros-megyei-eletrajzi-lexikon","7":"first","8":"instock","9":"shipping-taxable","10":"product-type-simple"},"_links":{"self":[{"href":"https:\/\/uj.adatbank.ro\/lexikon\/wp-json\/wp\/v2\/product\/4953","targetHints":{"allow":["GET"]}}],"collection":[{"href":"https:\/\/uj.adatbank.ro\/lexikon\/wp-json\/wp\/v2\/product"}],"about":[{"href":"https:\/\/uj.adatbank.ro\/lexikon\/wp-json\/wp\/v2\/types\/product"}],"replies":[{"embeddable":true,"href":"https:\/\/uj.adatbank.ro\/lexikon\/wp-json\/wp\/v2\/comments?post=4953"}],"wp:attachment":[{"href":"https:\/\/uj.adatbank.ro\/lexikon\/wp-json\/wp\/v2\/media?parent=4953"}],"wp:term":[{"taxonomy":"product_brand","embeddable":true,"href":"https:\/\/uj.adatbank.ro\/lexikon\/wp-json\/wp\/v2\/product_brand?post=4953"},{"taxonomy":"product_cat","embeddable":true,"href":"https:\/\/uj.adatbank.ro\/lexikon\/wp-json\/wp\/v2\/product_cat?post=4953"},{"taxonomy":"product_tag","embeddable":true,"href":"https:\/\/uj.adatbank.ro\/lexikon\/wp-json\/wp\/v2\/product_tag?post=4953"}],"curies":[{"name":"wp","href":"https:\/\/api.w.org\/{rel}","templated":true}]}}