{"id":4955,"date":"2025-06-28T16:58:36","date_gmt":"2025-06-28T14:58:36","guid":{"rendered":"https:\/\/uj.adatbank.ro\/lexikon\/termek\/bodo-janos-3\/"},"modified":"2025-06-28T16:58:36","modified_gmt":"2025-06-28T14:58:36","slug":"bodo-janos-3","status":"publish","type":"product","link":"https:\/\/uj.adatbank.ro\/lexikon\/termek\/bodo-janos-3\/","title":{"rendered":"BOD\u00d3 J\u00e1nos"},"content":{"rendered":"<p>1915? \u2020\u00a0? : g\u00e9p\u00e9sz, igazgat\u00f3. \u2013 A ny\u00e1r\u00e1dszeredai Orb\u00e1n Malom \u00e9s V\u00e1nyol\u00f3 \u00fcgyvezet\u0151je lett az \u00e1llamos\u00edt\u00e1s ut\u00e1n. <br \/><strong>Irod.:<\/strong> Bartos Zolt\u00e1n<\/br><\/p>\n","protected":false},"excerpt":{"rendered":"<p>1915? \u2020\u00a0? : g\u00e9p\u00e9sz, igazgat\u00f3. \u2013 A ny\u00e1r\u00e1dszeredai Orb\u00e1n Malom \u00e9s V\u00e1nyol\u00f3 \u00fcgyvezet\u0151je lett az \u00e1llamos\u00edt\u00e1s ut\u00e1n. Irod.: Bartos Zolt\u00e1n<\/p>\n","protected":false},"featured_media":0,"comment_status":"open","ping_status":"closed","template":"","meta":[],"product_brand":[],"product_cat":[137],"product_tag":[],"class_list":{"0":"post-4955","1":"product","2":"type-product","3":"status-publish","5":"product_cat-maros-megyei-eletrajzi-lexikon","7":"first","8":"instock","9":"shipping-taxable","10":"product-type-simple"},"_links":{"self":[{"href":"https:\/\/uj.adatbank.ro\/lexikon\/wp-json\/wp\/v2\/product\/4955","targetHints":{"allow":["GET"]}}],"collection":[{"href":"https:\/\/uj.adatbank.ro\/lexikon\/wp-json\/wp\/v2\/product"}],"about":[{"href":"https:\/\/uj.adatbank.ro\/lexikon\/wp-json\/wp\/v2\/types\/product"}],"replies":[{"embeddable":true,"href":"https:\/\/uj.adatbank.ro\/lexikon\/wp-json\/wp\/v2\/comments?post=4955"}],"wp:attachment":[{"href":"https:\/\/uj.adatbank.ro\/lexikon\/wp-json\/wp\/v2\/media?parent=4955"}],"wp:term":[{"taxonomy":"product_brand","embeddable":true,"href":"https:\/\/uj.adatbank.ro\/lexikon\/wp-json\/wp\/v2\/product_brand?post=4955"},{"taxonomy":"product_cat","embeddable":true,"href":"https:\/\/uj.adatbank.ro\/lexikon\/wp-json\/wp\/v2\/product_cat?post=4955"},{"taxonomy":"product_tag","embeddable":true,"href":"https:\/\/uj.adatbank.ro\/lexikon\/wp-json\/wp\/v2\/product_tag?post=4955"}],"curies":[{"name":"wp","href":"https:\/\/api.w.org\/{rel}","templated":true}]}}