{"id":4956,"date":"2025-06-28T16:58:38","date_gmt":"2025-06-28T14:58:38","guid":{"rendered":"https:\/\/uj.adatbank.ro\/lexikon\/termek\/bodo-jozsef\/"},"modified":"2025-06-28T16:58:38","modified_gmt":"2025-06-28T14:58:38","slug":"bodo-jozsef","status":"publish","type":"product","link":"https:\/\/uj.adatbank.ro\/lexikon\/termek\/bodo-jozsef\/","title":{"rendered":"BOD\u00d3 J\u00f3zsef"},"content":{"rendered":"<p>Cs\u00edkszentm\u00e1rton, ? \u2020\u00a01837. aug. 26.: r. k. pap. \u2013Cs\u00edksomly\u00f3n (1772), Kv.-on (1775\u201377) \u00e9s Gyulafeh\u00e9rv\u00e1ron tanult (1778\u201381). Papp\u00e1 szentelt\u00e9k (1781. nov. 4.). K\u00e1pl\u00e1n Cs\u00edkszentgy\u00f6rgy\u00f6n (1781), pl\u00e9b\u00e1nos Makfalv\u00e1n (1784 v. 1788), pl\u00e9b\u00e1nos \u00e9s ker\u00fcleti jegyz\u0151 Cs\u00edkszentimr\u00e9n (1804), alesperes (1819). <br \/><strong>Irod.:<\/strong> Ferenczi S\u00e1ndor 2009<\/br><\/p>\n","protected":false},"excerpt":{"rendered":"<p>Cs\u00edkszentm\u00e1rton, ? \u2020\u00a01837. aug. 26.: r. k. pap. \u2013Cs\u00edksomly\u00f3n (1772), Kv.-on (1775\u201377) \u00e9s Gyulafeh\u00e9rv\u00e1ron tanult (1778\u201381). Papp\u00e1 szentelt\u00e9k (1781. nov. 4.). K\u00e1pl\u00e1n Cs\u00edkszentgy\u00f6rgy\u00f6n (1781), pl\u00e9b\u00e1nos Makfalv\u00e1n (1784 v. 1788), pl\u00e9b\u00e1nos \u00e9s ker\u00fcleti jegyz\u0151 Cs\u00edkszentimr\u00e9n (1804), alesperes (1819). Irod.: Ferenczi S\u00e1ndor 2009<\/p>\n","protected":false},"featured_media":0,"comment_status":"open","ping_status":"closed","template":"","meta":[],"product_brand":[],"product_cat":[137],"product_tag":[],"class_list":{"0":"post-4956","1":"product","2":"type-product","3":"status-publish","5":"product_cat-maros-megyei-eletrajzi-lexikon","7":"first","8":"instock","9":"shipping-taxable","10":"product-type-simple"},"_links":{"self":[{"href":"https:\/\/uj.adatbank.ro\/lexikon\/wp-json\/wp\/v2\/product\/4956","targetHints":{"allow":["GET"]}}],"collection":[{"href":"https:\/\/uj.adatbank.ro\/lexikon\/wp-json\/wp\/v2\/product"}],"about":[{"href":"https:\/\/uj.adatbank.ro\/lexikon\/wp-json\/wp\/v2\/types\/product"}],"replies":[{"embeddable":true,"href":"https:\/\/uj.adatbank.ro\/lexikon\/wp-json\/wp\/v2\/comments?post=4956"}],"wp:attachment":[{"href":"https:\/\/uj.adatbank.ro\/lexikon\/wp-json\/wp\/v2\/media?parent=4956"}],"wp:term":[{"taxonomy":"product_brand","embeddable":true,"href":"https:\/\/uj.adatbank.ro\/lexikon\/wp-json\/wp\/v2\/product_brand?post=4956"},{"taxonomy":"product_cat","embeddable":true,"href":"https:\/\/uj.adatbank.ro\/lexikon\/wp-json\/wp\/v2\/product_cat?post=4956"},{"taxonomy":"product_tag","embeddable":true,"href":"https:\/\/uj.adatbank.ro\/lexikon\/wp-json\/wp\/v2\/product_tag?post=4956"}],"curies":[{"name":"wp","href":"https:\/\/api.w.org\/{rel}","templated":true}]}}