{"id":4960,"date":"2025-06-28T16:58:44","date_gmt":"2025-06-28T14:58:44","guid":{"rendered":"https:\/\/uj.adatbank.ro\/lexikon\/termek\/bodo-lajos\/"},"modified":"2025-06-28T16:58:44","modified_gmt":"2025-06-28T14:58:44","slug":"bodo-lajos","status":"publish","type":"product","link":"https:\/\/uj.adatbank.ro\/lexikon\/termek\/bodo-lajos\/","title":{"rendered":"BOD\u00d3 Lajos"},"content":{"rendered":"<p>1910.?, \u2020\u00a0Mv., 1998. jan. 2.: futballedz\u0151, a mv.-i v\u00e1g\u00f3h\u00edd volt igazgat\u00f3ja. <br \/><strong>Irod.:<\/strong> [Nekrol\u00f3g] (N\u00fa., 1998. jan. 3.)<\/br><\/p>\n","protected":false},"excerpt":{"rendered":"<p>1910.?, \u2020\u00a0Mv., 1998. jan. 2.: futballedz\u0151, a mv.-i v\u00e1g\u00f3h\u00edd volt igazgat\u00f3ja. Irod.: [Nekrol\u00f3g] (N\u00fa., 1998. jan. 3.)<\/p>\n","protected":false},"featured_media":0,"comment_status":"open","ping_status":"closed","template":"","meta":[],"product_brand":[],"product_cat":[137],"product_tag":[],"class_list":{"0":"post-4960","1":"product","2":"type-product","3":"status-publish","5":"product_cat-maros-megyei-eletrajzi-lexikon","7":"first","8":"instock","9":"shipping-taxable","10":"product-type-simple"},"_links":{"self":[{"href":"https:\/\/uj.adatbank.ro\/lexikon\/wp-json\/wp\/v2\/product\/4960","targetHints":{"allow":["GET"]}}],"collection":[{"href":"https:\/\/uj.adatbank.ro\/lexikon\/wp-json\/wp\/v2\/product"}],"about":[{"href":"https:\/\/uj.adatbank.ro\/lexikon\/wp-json\/wp\/v2\/types\/product"}],"replies":[{"embeddable":true,"href":"https:\/\/uj.adatbank.ro\/lexikon\/wp-json\/wp\/v2\/comments?post=4960"}],"wp:attachment":[{"href":"https:\/\/uj.adatbank.ro\/lexikon\/wp-json\/wp\/v2\/media?parent=4960"}],"wp:term":[{"taxonomy":"product_brand","embeddable":true,"href":"https:\/\/uj.adatbank.ro\/lexikon\/wp-json\/wp\/v2\/product_brand?post=4960"},{"taxonomy":"product_cat","embeddable":true,"href":"https:\/\/uj.adatbank.ro\/lexikon\/wp-json\/wp\/v2\/product_cat?post=4960"},{"taxonomy":"product_tag","embeddable":true,"href":"https:\/\/uj.adatbank.ro\/lexikon\/wp-json\/wp\/v2\/product_tag?post=4960"}],"curies":[{"name":"wp","href":"https:\/\/api.w.org\/{rel}","templated":true}]}}