{"id":4961,"date":"2025-06-28T16:58:48","date_gmt":"2025-06-28T14:58:48","guid":{"rendered":"https:\/\/uj.adatbank.ro\/lexikon\/termek\/bodo-lajos-marosszentkiralyi\/"},"modified":"2025-06-28T16:58:48","modified_gmt":"2025-06-28T14:58:48","slug":"bodo-lajos-marosszentkiralyi","status":"publish","type":"product","link":"https:\/\/uj.adatbank.ro\/lexikon\/termek\/bodo-lajos-marosszentkiralyi\/","title":{"rendered":"BOD\u00d3 Lajos, marosszentkir\u00e1lyi"},"content":{"rendered":"<p>1887. aug. 18., \u2020\u00a01954. aug. 20.: \u00fcgyv\u00e9d. \u2013 Feles\u00e9ge: Bucher Ilona (1882. nov. 28.- 1954. aug. 20.). I. Ferenc J\u00f3zsef kir\u00e1lyt\u00f3l nemess\u00e9get kapott (1911. jan. 31.). <br \/><strong>Irod.:<\/strong> Jeney csal\u00e1di inf.; P\u00e1lmay; \u00dajv\u00e1ri<\/br><\/p>\n","protected":false},"excerpt":{"rendered":"<p>1887. aug. 18., \u2020\u00a01954. aug. 20.: \u00fcgyv\u00e9d. \u2013 Feles\u00e9ge: Bucher Ilona (1882. nov. 28.- 1954. aug. 20.). I. Ferenc J\u00f3zsef kir\u00e1lyt\u00f3l nemess\u00e9get kapott (1911. jan. 31.). Irod.: Jeney csal\u00e1di inf.; P\u00e1lmay; \u00dajv\u00e1ri<\/p>\n","protected":false},"featured_media":0,"comment_status":"open","ping_status":"closed","template":"","meta":[],"product_brand":[],"product_cat":[137],"product_tag":[],"class_list":{"0":"post-4961","1":"product","2":"type-product","3":"status-publish","5":"product_cat-maros-megyei-eletrajzi-lexikon","7":"first","8":"instock","9":"shipping-taxable","10":"product-type-simple"},"_links":{"self":[{"href":"https:\/\/uj.adatbank.ro\/lexikon\/wp-json\/wp\/v2\/product\/4961","targetHints":{"allow":["GET"]}}],"collection":[{"href":"https:\/\/uj.adatbank.ro\/lexikon\/wp-json\/wp\/v2\/product"}],"about":[{"href":"https:\/\/uj.adatbank.ro\/lexikon\/wp-json\/wp\/v2\/types\/product"}],"replies":[{"embeddable":true,"href":"https:\/\/uj.adatbank.ro\/lexikon\/wp-json\/wp\/v2\/comments?post=4961"}],"wp:attachment":[{"href":"https:\/\/uj.adatbank.ro\/lexikon\/wp-json\/wp\/v2\/media?parent=4961"}],"wp:term":[{"taxonomy":"product_brand","embeddable":true,"href":"https:\/\/uj.adatbank.ro\/lexikon\/wp-json\/wp\/v2\/product_brand?post=4961"},{"taxonomy":"product_cat","embeddable":true,"href":"https:\/\/uj.adatbank.ro\/lexikon\/wp-json\/wp\/v2\/product_cat?post=4961"},{"taxonomy":"product_tag","embeddable":true,"href":"https:\/\/uj.adatbank.ro\/lexikon\/wp-json\/wp\/v2\/product_tag?post=4961"}],"curies":[{"name":"wp","href":"https:\/\/api.w.org\/{rel}","templated":true}]}}