{"id":4964,"date":"2025-06-28T16:58:52","date_gmt":"2025-06-28T14:58:52","guid":{"rendered":"https:\/\/uj.adatbank.ro\/lexikon\/termek\/bodo-pal-marosszentkiralyi\/"},"modified":"2025-06-28T16:58:52","modified_gmt":"2025-06-28T14:58:52","slug":"bodo-pal-marosszentkiralyi","status":"publish","type":"product","link":"https:\/\/uj.adatbank.ro\/lexikon\/termek\/bodo-pal-marosszentkiralyi\/","title":{"rendered":"BOD\u00d3 P\u00e1l\u00a0, marosszentkir\u00e1lyi"},"content":{"rendered":"<p>? \u2020\u00a0? : ezredorvos. \u2013 Gyermekei: \u00c1gnes \u00e9s P\u00e9ter. \u2013 Nemess\u00e9get kapott (1911. jan. 31.). Dr. m. kir. honv. ezredorvos. <br \/><strong>Irod.:<\/strong> P\u00e1lmay; \u00dajv\u00e1ri<\/br><\/p>\n","protected":false},"excerpt":{"rendered":"<p>? \u2020\u00a0? : ezredorvos. \u2013 Gyermekei: \u00c1gnes \u00e9s P\u00e9ter. \u2013 Nemess\u00e9get kapott (1911. jan. 31.). Dr. m. kir. honv. ezredorvos. Irod.: P\u00e1lmay; \u00dajv\u00e1ri<\/p>\n","protected":false},"featured_media":0,"comment_status":"open","ping_status":"closed","template":"","meta":[],"product_brand":[],"product_cat":[137],"product_tag":[],"class_list":{"0":"post-4964","1":"product","2":"type-product","3":"status-publish","5":"product_cat-maros-megyei-eletrajzi-lexikon","7":"first","8":"instock","9":"shipping-taxable","10":"product-type-simple"},"_links":{"self":[{"href":"https:\/\/uj.adatbank.ro\/lexikon\/wp-json\/wp\/v2\/product\/4964","targetHints":{"allow":["GET"]}}],"collection":[{"href":"https:\/\/uj.adatbank.ro\/lexikon\/wp-json\/wp\/v2\/product"}],"about":[{"href":"https:\/\/uj.adatbank.ro\/lexikon\/wp-json\/wp\/v2\/types\/product"}],"replies":[{"embeddable":true,"href":"https:\/\/uj.adatbank.ro\/lexikon\/wp-json\/wp\/v2\/comments?post=4964"}],"wp:attachment":[{"href":"https:\/\/uj.adatbank.ro\/lexikon\/wp-json\/wp\/v2\/media?parent=4964"}],"wp:term":[{"taxonomy":"product_brand","embeddable":true,"href":"https:\/\/uj.adatbank.ro\/lexikon\/wp-json\/wp\/v2\/product_brand?post=4964"},{"taxonomy":"product_cat","embeddable":true,"href":"https:\/\/uj.adatbank.ro\/lexikon\/wp-json\/wp\/v2\/product_cat?post=4964"},{"taxonomy":"product_tag","embeddable":true,"href":"https:\/\/uj.adatbank.ro\/lexikon\/wp-json\/wp\/v2\/product_tag?post=4964"}],"curies":[{"name":"wp","href":"https:\/\/api.w.org\/{rel}","templated":true}]}}